{"id":21,"date":"2025-03-28T16:06:23","date_gmt":"2025-03-28T19:06:23","guid":{"rendered":"https:\/\/innovacon.simplificandotuweb.com\/?page_id=21"},"modified":"2025-07-23T13:27:02","modified_gmt":"2025-07-23T11:27:02","slug":"declaracion-de-accesibilidad","status":"publish","type":"page","link":"https:\/\/natalia.ramirez.provesonlinevalles.com\/fr\/declaracion-de-accesibilidad\/","title":{"rendered":"Declaraci\u00f3n de Accesibilidad"},"content":{"rendered":"<div data-elementor-type=\"wp-page\" data-elementor-id=\"21\" class=\"elementor elementor-21\" data-elementor-post-type=\"page\">\n\t\t\t\t<div class=\"elementor-element elementor-element-1936ee3 e-flex e-con-boxed e-con e-parent\" data-id=\"1936ee3\" data-element_type=\"container\" data-settings=\"{&quot;background_background&quot;:&quot;classic&quot;}\">\n\t\t\t\t\t<div class=\"e-con-inner\">\n\t\t\t\t<div class=\"elementor-element elementor-element-1c602c8 elementor-widget elementor-widget-heading\" data-id=\"1c602c8\" data-element_type=\"widget\" data-widget_type=\"heading.default\">\n\t\t\t\t<div class=\"elementor-widget-container\">\n\t\t\t\t\t<h1 class=\"elementor-heading-title elementor-size-default\">Declaraci\u00f3n de Accesibilidad<\/h1>\t\t\t\t<\/div>\n\t\t\t\t<\/div>\n\t\t\t\t\t<\/div>\n\t\t\t\t<\/div>\n\t\t<div class=\"elementor-element elementor-element-51bdebb5 e-flex e-con-boxed e-con e-parent\" data-id=\"51bdebb5\" data-element_type=\"container\">\n\t\t\t\t\t<div class=\"e-con-inner\">\n\t\t\t\t<div class=\"elementor-element elementor-element-4384dbac elementor-widget elementor-widget-text-editor\" data-id=\"4384dbac\" data-element_type=\"widget\" data-widget_type=\"text-editor.default\">\n\t\t\t\t<div class=\"elementor-widget-container\">\n\t\t\t\t\t\t\t\t\t\n<p><strong>Natalia Ram\u00edrez Rivera<\/strong> se ha comprometido a hacer accesible su sitio web, conforme al Real Decreto 1112\/2018, de 7 de septiembre, sobre accesibilidad de los sitios web y aplicaciones para dispositivos m\u00f3viles del sector p\u00fablico. Esta declaraci\u00f3n de accesibilidad se aplica a esta web.<\/p>\n\n<p><strong>Situaci\u00f3n de cumplimiento<\/strong><\/p>\n\n<p>Este sitio web est\u00e1 desarrollado seg\u00fan el RD 1112\/2018<\/p>\n\n<p><strong>Preparaci\u00f3n para la siguiente declaraci\u00f3n de accesibilidad<\/strong><\/p>\n\n<p>Esta declaraci\u00f3n fue preparada el 20 de abril de 2023. El m\u00e9todo empleado para preparar la declaraci\u00f3n ha sido una autoevaluaci\u00f3n.<\/p>\n\n<p><strong>Observaciones y datos de contacto<\/strong><\/p>\n\n<p>Puede realizar comunicaciones sobre requisitos de accesibilidad (art\u00edculo 10.2.a del RD 1112\/2018) como:<\/p>\n\n<ul class=\"wp-block-list\">\n<li>Informar sobre cualquier posible incumplimiento por parte de este sitio web<\/li>\n\n<li>Transmitir otras dificultades de acceso al contenido<\/li>\n\n<li>Formular cualquier otra consulta o sugerencia de mejora relativa a la accesibilidad del sitio web a trav\u00e9s del formulario de contacto de este sitio web oa trav\u00e9s del n\u00famero de tel\u00e9fono\u00a0<\/li>\n<\/ul>\n\n<p>Puede presentar:<\/p>\n\n<ul class=\"wp-block-list\">\n<li>Queja relativa al cumplimiento de los requisitos del RD 1112\/2018<\/li>\n\n<li>Solicitud de informaci\u00f3n accesible relativa a:\n<ul class=\"wp-block-list\">\n<li>Contenidos que est\u00e1n excluidos del \u00e1mbito de aplicaci\u00f3n del RD 1112\/2018 seg\u00fan lo que establece el art\u00edculo 3, apartado 4<\/li>\n\n<li>Contenidos que est\u00e1n exentos del cumplimiento de los requisitos de accesibilidad para imponer una carga desproporcionada<\/li>\n\n<li>En la Solicitud de informaci\u00f3n accesible, deben concretarse, con toda claridad, los hechos, las razones y la petici\u00f3n que permitan constatar que se trata de una solicitud razonable y leg\u00edtima.<\/li>\n<\/ul>\n<\/li>\n<\/ul>\n\n<p>Las quejas y reclamaciones sobre informaci\u00f3n accesible se realizar\u00e1n a trav\u00e9s de la sede electr\u00f3nica (<strong><a href=\"https:\/\/sede.red.gob.es\/procedimientos\/quejas-y-sugerencias\">https:\/\/sede.red.gob.es\/procedimientos\/quejas-y-sugerencias<\/a><\/strong>), y ser\u00e1n recibidas y tratadas por el \u00e1rea de Sistemas de la Informaci\u00f3n de Red.es.<\/p>\n\n<p><strong>Contenido opcional<\/strong><\/p>\n\n<ul class=\"wp-block-list\">\n<li>Si desea cambiar el tama\u00f1o de letra del texto en los principales navegadores gr\u00e1ficos utilice los siguientes men\u00fas:<\/li>\n\n<li>Safari: Ver &gt; Hacer el texto m\u00e1s grande<\/li>\n\n<li>Chrome: Controla la p\u00e1gina actual &gt; Tama\u00f1o del texto<\/li>\n<\/ul>\n\n<p>Para modificar el tama\u00f1o de todo en la p\u00e1gina:<\/p>\n\n<ul class=\"wp-block-list\">\n<li>Ctrl++ para aumentarlo<\/li>\n\n<li>Ctrl + \u2013 para disminuirlo<\/li>\n\n<li>Ctrl + 0 restaura el tama\u00f1o original del texto<\/li>\n\n<li>Si lo que desea es anular la hoja de estilos o modificar el color del texto, puede consultar la p\u00e1gina How to Change Text Size o Colores de la WAI, que se puede leer traducido al espa\u00f1ol en C\u00f3mo cambiar el tama\u00f1o del texto o colores?<\/li>\n<\/ul>\n\t\t\t\t\t\t\t\t<\/div>\n\t\t\t\t<\/div>\n\t\t\t\t\t<\/div>\n\t\t\t\t<\/div>\n\t\t\t\t<\/div>","protected":false},"excerpt":{"rendered":"<p>Natalia Ram\u00edrez Rivera se ha comprometido a hacer accesible su sitio web, conforme al Real Decreto 1112\/2018, de 7 de septiembre, sobre accesibilidad de los sitios web y aplicaciones para dispositivos m\u00f3viles del sector p\u00fablico. Esta declaraci\u00f3n de accesibilidad se aplica a esta web. Situaci\u00f3n de cumplimiento Este sitio web est\u00e1 desarrollado seg\u00fan el RD [&hellip;]<\/p>","protected":false},"author":1,"featured_media":0,"parent":0,"menu_order":0,"comment_status":"closed","ping_status":"closed","template":"","meta":{"footnotes":""},"class_list":["post-21","page","type-page","status-publish","hentry"],"_links":{"self":[{"href":"https:\/\/natalia.ramirez.provesonlinevalles.com\/fr\/wp-json\/wp\/v2\/pages\/21","targetHints":{"allow":["GET"]}}],"collection":[{"href":"https:\/\/natalia.ramirez.provesonlinevalles.com\/fr\/wp-json\/wp\/v2\/pages"}],"about":[{"href":"https:\/\/natalia.ramirez.provesonlinevalles.com\/fr\/wp-json\/wp\/v2\/types\/page"}],"author":[{"embeddable":true,"href":"https:\/\/natalia.ramirez.provesonlinevalles.com\/fr\/wp-json\/wp\/v2\/users\/1"}],"replies":[{"embeddable":true,"href":"https:\/\/natalia.ramirez.provesonlinevalles.com\/fr\/wp-json\/wp\/v2\/comments?post=21"}],"version-history":[{"count":7,"href":"https:\/\/natalia.ramirez.provesonlinevalles.com\/fr\/wp-json\/wp\/v2\/pages\/21\/revisions"}],"predecessor-version":[{"id":564,"href":"https:\/\/natalia.ramirez.provesonlinevalles.com\/fr\/wp-json\/wp\/v2\/pages\/21\/revisions\/564"}],"wp:attachment":[{"href":"https:\/\/natalia.ramirez.provesonlinevalles.com\/fr\/wp-json\/wp\/v2\/media?parent=21"}],"curies":[{"name":"wp","href":"https:\/\/api.w.org\/{rel}","templated":true}]}}