{"id":15,"date":"2025-03-28T15:58:30","date_gmt":"2025-03-28T18:58:30","guid":{"rendered":"https:\/\/innovacon.simplificandotuweb.com\/?page_id=15"},"modified":"2025-07-22T02:39:49","modified_gmt":"2025-07-22T00:39:49","slug":"mapa-web","status":"publish","type":"page","link":"https:\/\/natalia.ramirez.provesonlinevalles.com\/fr\/mapa-web\/","title":{"rendered":"Mapa Web"},"content":{"rendered":"<div data-elementor-type=\"wp-page\" data-elementor-id=\"15\" class=\"elementor elementor-15\" data-elementor-post-type=\"page\">\n\t\t\t\t<div class=\"elementor-element elementor-element-10de591 e-flex e-con-boxed e-con e-parent\" data-id=\"10de591\" data-element_type=\"container\" data-settings=\"{&quot;background_background&quot;:&quot;classic&quot;}\">\n\t\t\t\t\t<div class=\"e-con-inner\">\n\t\t\t\t<div class=\"elementor-element elementor-element-00bad49 elementor-widget elementor-widget-heading\" data-id=\"00bad49\" data-element_type=\"widget\" data-widget_type=\"heading.default\">\n\t\t\t\t<div class=\"elementor-widget-container\">\n\t\t\t\t\t<h1 class=\"elementor-heading-title elementor-size-default\">Mapa Web<\/h1>\t\t\t\t<\/div>\n\t\t\t\t<\/div>\n\t\t\t\t\t<\/div>\n\t\t\t\t<\/div>\n\t\t<div class=\"elementor-element elementor-element-e9d9cbf e-flex e-con-boxed e-con e-parent\" data-id=\"e9d9cbf\" data-element_type=\"container\">\n\t\t\t\t\t<div class=\"e-con-inner\">\n\t\t\t\t<div class=\"elementor-element elementor-element-4e4b0aa elementor-widget elementor-widget-sitemap\" data-id=\"4e4b0aa\" data-element_type=\"widget\" data-widget_type=\"sitemap.default\">\n\t\t\t\t<div class=\"elementor-widget-container\">\n\t\t\t\t\t<div class=\"elementor-sitemap-wrap\"><div class=\"elementor-sitemap-section\"><h2 class=\"elementor-sitemap-title elementor-sitemap-page-title\">P\u00e1ginas<\/h2><ul class=\"elementor-sitemap-list elementor-sitemap-page-list\"><li class=\"elementor-sitemap-item elementor-sitemap-item-page page_item page-item-1591\"><a href=\"https:\/\/natalia.ramirez.provesonlinevalles.com\/fr\/home-2\/\">Home 2<\/a><\/li><li class=\"elementor-sitemap-item elementor-sitemap-item-page page_item page-item-1567\"><a href=\"https:\/\/natalia.ramirez.provesonlinevalles.com\/fr\/el-espiritu-de-bridge-hollow\/\">El Esp\u00edritu De Bridge Hollow<\/a><\/li><li class=\"elementor-sitemap-item elementor-sitemap-item-page page_item page-item-1550\"><a href=\"https:\/\/natalia.ramirez.provesonlinevalles.com\/fr\/la-palma\/\">La palma<\/a><\/li><li class=\"elementor-sitemap-item elementor-sitemap-item-page page_item page-item-1515\"><a href=\"https:\/\/natalia.ramirez.provesonlinevalles.com\/fr\/disco-inferno\/\">Disco Inferno<\/a><\/li><li class=\"elementor-sitemap-item elementor-sitemap-item-page page_item page-item-1490\"><a href=\"https:\/\/natalia.ramirez.provesonlinevalles.com\/fr\/flashback\/\">Flashback<\/a><\/li><li class=\"elementor-sitemap-item elementor-sitemap-item-page page_item page-item-1462\"><a href=\"https:\/\/natalia.ramirez.provesonlinevalles.com\/fr\/its-whats-inside\/\">it&#8217;s what&#8217;s inside<\/a><\/li><li class=\"elementor-sitemap-item elementor-sitemap-item-page page_item page-item-1439\"><a href=\"https:\/\/natalia.ramirez.provesonlinevalles.com\/fr\/thank-you-im-sorry\/\">Thank You, I&#8217;m Sorry<\/a><\/li><li class=\"elementor-sitemap-item elementor-sitemap-item-page page_item page-item-1422\"><a href=\"https:\/\/natalia.ramirez.provesonlinevalles.com\/fr\/adoracion\/\">Adoraci\u00f3n<\/a><\/li><li class=\"elementor-sitemap-item elementor-sitemap-item-page page_item page-item-1399\"><a href=\"https:\/\/natalia.ramirez.provesonlinevalles.com\/fr\/no-good-deed\/\">No good deed<\/a><\/li><li class=\"elementor-sitemap-item elementor-sitemap-item-page page_item page-item-1385\"><a href=\"https:\/\/natalia.ramirez.provesonlinevalles.com\/fr\/how-to-rob-a-bank\/\">How to rob a bank<\/a><\/li><li class=\"elementor-sitemap-item elementor-sitemap-item-page page_item page-item-1365\"><a href=\"https:\/\/natalia.ramirez.provesonlinevalles.com\/fr\/locked-in\/\">Locked In<\/a><\/li><li class=\"elementor-sitemap-item elementor-sitemap-item-page page_item page-item-1344\"><a href=\"https:\/\/natalia.ramirez.provesonlinevalles.com\/fr\/sin-edulcorar\/\">Sin Edulcorar<\/a><\/li><li class=\"elementor-sitemap-item elementor-sitemap-item-page page_item page-item-1321\"><a href=\"https:\/\/natalia.ramirez.provesonlinevalles.com\/fr\/el-poder-policial-en-ee-uu\/\">El poder policial en EE. UU.<\/a><\/li><li class=\"elementor-sitemap-item elementor-sitemap-item-page page_item page-item-1295\"><a href=\"https:\/\/natalia.ramirez.provesonlinevalles.com\/fr\/testamento-la-historia-de-moises\/\">Testamento: La historia de Mois\u00e9s<\/a><\/li><li class=\"elementor-sitemap-item elementor-sitemap-item-page page_item page-item-1263\"><a href=\"https:\/\/natalia.ramirez.provesonlinevalles.com\/fr\/surviving-ohio-state\/\">Surviving Ohio State<\/a><\/li><li class=\"elementor-sitemap-item elementor-sitemap-item-page page_item page-item-1240\"><a href=\"https:\/\/natalia.ramirez.provesonlinevalles.com\/fr\/surveilled\/\">Surveilled<\/a><\/li><li class=\"elementor-sitemap-item elementor-sitemap-item-page page_item page-item-1222\"><a href=\"https:\/\/natalia.ramirez.provesonlinevalles.com\/fr\/bill-maher\/\">Bill Maher<\/a><\/li><li class=\"elementor-sitemap-item elementor-sitemap-item-page page_item page-item-1193\"><a href=\"https:\/\/natalia.ramirez.provesonlinevalles.com\/fr\/billy-joel-as-it-goes\/\">Billy Joel: As It Goes<\/a><\/li><li class=\"elementor-sitemap-item elementor-sitemap-item-page page_item page-item-1152\"><a href=\"https:\/\/natalia.ramirez.provesonlinevalles.com\/fr\/el-amante-de-lady-chatterley\/\">El amante de Lady Chatterley<\/a><\/li><li class=\"elementor-sitemap-item elementor-sitemap-item-page page_item page-item-1118\"><a href=\"https:\/\/natalia.ramirez.provesonlinevalles.com\/fr\/los-caballeros\/\">Los Caballeros<\/a><\/li><li class=\"elementor-sitemap-item elementor-sitemap-item-page page_item page-item-1092\"><a href=\"https:\/\/natalia.ramirez.provesonlinevalles.com\/fr\/the-mendez-brothers\/\">The Mendez Brothers<\/a><\/li><li class=\"elementor-sitemap-item elementor-sitemap-item-page page_item page-item-1066\"><a href=\"https:\/\/natalia.ramirez.provesonlinevalles.com\/fr\/monsters\/\">Monsters<\/a><\/li><li class=\"elementor-sitemap-item elementor-sitemap-item-page page_item page-item-1046\"><a href=\"https:\/\/natalia.ramirez.provesonlinevalles.com\/fr\/la-diplomatica\/\">La Diplom\u00e1tica<\/a><\/li><li class=\"elementor-sitemap-item elementor-sitemap-item-page page_item page-item-1026\"><a href=\"https:\/\/natalia.ramirez.provesonlinevalles.com\/fr\/la-caida-de-la-casa-usher\/\">La ca\u00edda de la casa Usher<\/a><\/li><li class=\"elementor-sitemap-item elementor-sitemap-item-page page_item page-item-1012\"><a href=\"https:\/\/natalia.ramirez.provesonlinevalles.com\/fr\/bodies\/\">Bodies<\/a><\/li><li class=\"elementor-sitemap-item elementor-sitemap-item-page page_item page-item-992\"><a href=\"https:\/\/natalia.ramirez.provesonlinevalles.com\/fr\/jeffrey-dahmer\/\">Jeffrey Dahmer<\/a><\/li><li class=\"elementor-sitemap-item elementor-sitemap-item-page page_item page-item-972\"><a href=\"https:\/\/natalia.ramirez.provesonlinevalles.com\/fr\/adolescencia\/\">Adolescencia<\/a><\/li><li class=\"elementor-sitemap-item elementor-sitemap-item-page page_item page-item-953\"><a href=\"https:\/\/natalia.ramirez.provesonlinevalles.com\/fr\/cobra-kai\/\">Cobra Kai<\/a><\/li><li class=\"elementor-sitemap-item elementor-sitemap-item-page page_item page-item-923\"><a href=\"https:\/\/natalia.ramirez.provesonlinevalles.com\/fr\/black-mirror\/\">Black Mirror<\/a><\/li><li class=\"elementor-sitemap-item elementor-sitemap-item-page page_item page-item-858\"><a href=\"https:\/\/natalia.ramirez.provesonlinevalles.com\/fr\/pee-wee-as-himself\/\">Pee-Wee As Himself<\/a><\/li><li class=\"elementor-sitemap-item elementor-sitemap-item-page page_item page-item-843\"><a href=\"https:\/\/natalia.ramirez.provesonlinevalles.com\/fr\/james-acaster-hecklers-welcome\/\">James Acaster Hecklers Welcome<\/a><\/li><li class=\"elementor-sitemap-item elementor-sitemap-item-page page_item page-item-776\"><a href=\"https:\/\/natalia.ramirez.provesonlinevalles.com\/fr\/traduccion-audiovisual\/traduccion-correccion-y-redaccion\/\">Traducci\u00f3n, correcci\u00f3n y redacci\u00f3n<\/a><\/li><li class=\"elementor-sitemap-item elementor-sitemap-item-page page_item page-item-213\"><a href=\"https:\/\/natalia.ramirez.provesonlinevalles.com\/fr\/contacto\/\">Contacto<\/a><\/li><li class=\"elementor-sitemap-item elementor-sitemap-item-page page_item page-item-212 current_page_parent\"><a href=\"https:\/\/natalia.ramirez.provesonlinevalles.com\/fr\/blog\/\">Blog<\/a><\/li><li class=\"elementor-sitemap-item elementor-sitemap-item-page page_item page-item-200\"><a href=\"https:\/\/natalia.ramirez.provesonlinevalles.com\/fr\/proyectos\/\">Proyectos<\/a><\/li><li class=\"elementor-sitemap-item elementor-sitemap-item-page page_item page-item-199\"><a href=\"https:\/\/natalia.ramirez.provesonlinevalles.com\/fr\/traduccion-y-revision\/\">Traducci\u00f3n y revisi\u00f3n<\/a><\/li><li class=\"elementor-sitemap-item elementor-sitemap-item-page page_item page-item-198\"><a href=\"https:\/\/natalia.ramirez.provesonlinevalles.com\/fr\/localizacion\/\">Localizaci\u00f3n<\/a><\/li><li class=\"elementor-sitemap-item elementor-sitemap-item-page page_item page-item-197\"><a href=\"https:\/\/natalia.ramirez.provesonlinevalles.com\/fr\/traduccion-audiovisual\/traduccion-publicitaria\/\">Traducci\u00f3n publicitaria<\/a><\/li><li class=\"elementor-sitemap-item elementor-sitemap-item-page page_item page-item-196\"><a href=\"https:\/\/natalia.ramirez.provesonlinevalles.com\/fr\/traduccion-audiovisual\/adaptaciones\/\">Adaptaciones<\/a><\/li><li class=\"elementor-sitemap-item elementor-sitemap-item-page page_item page-item-195\"><a href=\"https:\/\/natalia.ramirez.provesonlinevalles.com\/fr\/traduccion-audiovisual\/audiodescripcion\/\">Audiodescripci\u00f3n<\/a><\/li><li class=\"elementor-sitemap-item elementor-sitemap-item-page page_item page-item-194\"><a href=\"https:\/\/natalia.ramirez.provesonlinevalles.com\/fr\/traduccion-audiovisual\/voces-superpuestas\/\">Voces superpuestas<\/a><\/li><li class=\"elementor-sitemap-item elementor-sitemap-item-page page_item page-item-193\"><a href=\"https:\/\/natalia.ramirez.provesonlinevalles.com\/fr\/traduccion-audiovisual\/subtitulacion\/\">Subtitulaci\u00f3n<\/a><\/li><li class=\"elementor-sitemap-item elementor-sitemap-item-page page_item page-item-192\"><a href=\"https:\/\/natalia.ramirez.provesonlinevalles.com\/fr\/traduccion-audiovisual\/traduccion-cinematografica\/\">Traducci\u00f3n cinematogr\u00e1fica<\/a><\/li><li class=\"elementor-sitemap-item elementor-sitemap-item-page page_item page-item-191\"><a href=\"https:\/\/natalia.ramirez.provesonlinevalles.com\/fr\/traduccion-audiovisual\/\">Traducci\u00f3n audiovisual<\/a><\/li><li class=\"elementor-sitemap-item elementor-sitemap-item-page page_item page-item-190\"><a href=\"https:\/\/natalia.ramirez.provesonlinevalles.com\/fr\/sobre-mi\/\">Sobre mi<\/a><\/li><li class=\"elementor-sitemap-item elementor-sitemap-item-page page_item page-item-42\"><a href=\"https:\/\/natalia.ramirez.provesonlinevalles.com\/fr\/\">Inicio<\/a><\/li><li class=\"elementor-sitemap-item elementor-sitemap-item-page page_item page-item-31\"><a href=\"https:\/\/natalia.ramirez.provesonlinevalles.com\/fr\/politica-de-privacidad\/\">Pol\u00edtica de Privacidad<\/a><\/li><li class=\"elementor-sitemap-item elementor-sitemap-item-page page_item page-item-21\"><a href=\"https:\/\/natalia.ramirez.provesonlinevalles.com\/fr\/declaracion-de-accesibilidad\/\">Declaraci\u00f3n de Accesibilidad<\/a><\/li><li class=\"elementor-sitemap-item elementor-sitemap-item-page page_item page-item-18\"><a href=\"https:\/\/natalia.ramirez.provesonlinevalles.com\/fr\/aviso-legal\/\">Aviso Legal<\/a><\/li><li class=\"elementor-sitemap-item elementor-sitemap-item-page page_item page-item-16\"><a href=\"https:\/\/natalia.ramirez.provesonlinevalles.com\/fr\/politica-de-cookies\/\">Pol\u00edtica de Cookies<\/a><\/li><li class=\"elementor-sitemap-item elementor-sitemap-item-page page_item page-item-15\"><a href=\"https:\/\/natalia.ramirez.provesonlinevalles.com\/fr\/mapa-web\/\">Mapa Web<\/a><\/li><\/ul><\/div><div class=\"elementor-sitemap-section\"><h2 class=\"elementor-sitemap-title elementor-sitemap-category-title\">Categor\u00edas<\/h2><ul class=\"elementor-sitemap-list elementor-sitemap-category-list\">\t<li class=\"elementor-sitemap-item elementor-sitemap-item-category cat-item cat-item-1\"><a href=\"https:\/\/natalia.ramirez.provesonlinevalles.com\/fr\/category\/blog\/\">Blog<\/a>\n<\/li>\n<\/ul><\/div><\/div>\t\t\t\t<\/div>\n\t\t\t\t<\/div>\n\t\t\t\t\t<\/div>\n\t\t\t\t<\/div>\n\t\t\t\t<\/div>","protected":false},"excerpt":{"rendered":"","protected":false},"author":1,"featured_media":0,"parent":0,"menu_order":0,"comment_status":"closed","ping_status":"closed","template":"","meta":{"footnotes":""},"class_list":["post-15","page","type-page","status-publish","hentry"],"_links":{"self":[{"href":"https:\/\/natalia.ramirez.provesonlinevalles.com\/fr\/wp-json\/wp\/v2\/pages\/15","targetHints":{"allow":["GET"]}}],"collection":[{"href":"https:\/\/natalia.ramirez.provesonlinevalles.com\/fr\/wp-json\/wp\/v2\/pages"}],"about":[{"href":"https:\/\/natalia.ramirez.provesonlinevalles.com\/fr\/wp-json\/wp\/v2\/types\/page"}],"author":[{"embeddable":true,"href":"https:\/\/natalia.ramirez.provesonlinevalles.com\/fr\/wp-json\/wp\/v2\/users\/1"}],"replies":[{"embeddable":true,"href":"https:\/\/natalia.ramirez.provesonlinevalles.com\/fr\/wp-json\/wp\/v2\/comments?post=15"}],"version-history":[{"count":3,"href":"https:\/\/natalia.ramirez.provesonlinevalles.com\/fr\/wp-json\/wp\/v2\/pages\/15\/revisions"}],"predecessor-version":[{"id":548,"href":"https:\/\/natalia.ramirez.provesonlinevalles.com\/fr\/wp-json\/wp\/v2\/pages\/15\/revisions\/548"}],"wp:attachment":[{"href":"https:\/\/natalia.ramirez.provesonlinevalles.com\/fr\/wp-json\/wp\/v2\/media?parent=15"}],"curies":[{"name":"wp","href":"https:\/\/api.w.org\/{rel}","templated":true}]}}