{"id":1321,"date":"2025-09-12T12:24:32","date_gmt":"2025-09-12T10:24:32","guid":{"rendered":"https:\/\/natalia.ramirez.provesonlinevalles.com\/?page_id=1321"},"modified":"2025-09-12T12:28:40","modified_gmt":"2025-09-12T10:28:40","slug":"el-poder-policial-en-ee-uu","status":"publish","type":"page","link":"https:\/\/natalia.ramirez.provesonlinevalles.com\/fr\/el-poder-policial-en-ee-uu\/","title":{"rendered":"El poder policial en EE. UU."},"content":{"rendered":"<div data-elementor-type=\"wp-page\" data-elementor-id=\"1321\" class=\"elementor elementor-1321\" data-elementor-post-type=\"page\">\n\t\t\t\t<div class=\"elementor-element elementor-element-ded8cb2 e-flex e-con-boxed e-con e-parent\" data-id=\"ded8cb2\" data-element_type=\"container\" data-settings=\"{&quot;background_background&quot;:&quot;gradient&quot;}\">\n\t\t\t\t\t<div class=\"e-con-inner\">\n\t\t\t\t<div class=\"elementor-element elementor-element-5645ee5 elementor-widget elementor-widget-heading\" data-id=\"5645ee5\" data-element_type=\"widget\" data-widget_type=\"heading.default\">\n\t\t\t\t<div class=\"elementor-widget-container\">\n\t\t\t\t\t<h1 class=\"elementor-heading-title elementor-size-default\">El Poder Policial en EE. UU.<\/h1>\t\t\t\t<\/div>\n\t\t\t\t<\/div>\n\t\t\t\t\t<\/div>\n\t\t\t\t<\/div>\n\t\t<div class=\"elementor-element elementor-element-1a7fb3b e-flex e-con-boxed e-con e-parent\" data-id=\"1a7fb3b\" data-element_type=\"container\">\n\t\t\t\t\t<div class=\"e-con-inner\">\n\t\t\t\t<div class=\"elementor-element elementor-element-02476f1 elementor-widget elementor-widget-spacer\" data-id=\"02476f1\" data-element_type=\"widget\" data-widget_type=\"spacer.default\">\n\t\t\t\t<div class=\"elementor-widget-container\">\n\t\t\t\t\t\t\t<div class=\"elementor-spacer\">\n\t\t\t<div class=\"elementor-spacer-inner\"><\/div>\n\t\t<\/div>\n\t\t\t\t\t\t<\/div>\n\t\t\t\t<\/div>\n\t\t\t\t\t<\/div>\n\t\t\t\t<\/div>\n\t\t<div class=\"elementor-element elementor-element-0d8f193 e-grid e-con-boxed e-con e-parent\" data-id=\"0d8f193\" data-element_type=\"container\">\n\t\t\t\t\t<div class=\"e-con-inner\">\n\t\t\t\t<div class=\"elementor-element elementor-element-7e3857c elementor-widget elementor-widget-image\" data-id=\"7e3857c\" data-element_type=\"widget\" data-widget_type=\"image.default\">\n\t\t\t\t<div class=\"elementor-widget-container\">\n\t\t\t\t\t\t\t\t\t\t\t\t\t\t\t<img fetchpriority=\"high\" decoding=\"async\" width=\"691\" height=\"1024\" src=\"https:\/\/natalia.ramirez.provesonlinevalles.com\/wp-content\/uploads\/2025\/09\/Power_El-poder-policial-en-EE.UU_-691x1024.jpg\" class=\"attachment-large size-large wp-image-820\" alt=\"\" srcset=\"https:\/\/natalia.ramirez.provesonlinevalles.com\/wp-content\/uploads\/2025\/09\/Power_El-poder-policial-en-EE.UU_-691x1024.jpg 691w, https:\/\/natalia.ramirez.provesonlinevalles.com\/wp-content\/uploads\/2025\/09\/Power_El-poder-policial-en-EE.UU_-203x300.jpg 203w, https:\/\/natalia.ramirez.provesonlinevalles.com\/wp-content\/uploads\/2025\/09\/Power_El-poder-policial-en-EE.UU_-768x1138.jpg 768w, https:\/\/natalia.ramirez.provesonlinevalles.com\/wp-content\/uploads\/2025\/09\/Power_El-poder-policial-en-EE.UU_.jpg 864w\" sizes=\"(max-width: 691px) 100vw, 691px\" \/>\t\t\t\t\t\t\t\t\t\t\t\t\t\t\t<\/div>\n\t\t\t\t<\/div>\n\t\t<div class=\"elementor-element elementor-element-8112cde e-con-full e-flex e-con e-child\" data-id=\"8112cde\" data-element_type=\"container\">\n\t\t\t\t<div class=\"elementor-element elementor-element-f275141 elementor-widget elementor-widget-heading\" data-id=\"f275141\" data-element_type=\"widget\" data-widget_type=\"heading.default\">\n\t\t\t\t<div class=\"elementor-widget-container\">\n\t\t\t\t\t<h2 class=\"elementor-heading-title elementor-size-default\">FICHA T\u00c9CNICA DEL PROYECTO<\/h2>\t\t\t\t<\/div>\n\t\t\t\t<\/div>\n\t\t\t\t<div class=\"elementor-element elementor-element-b5a1158 elementor-widget elementor-widget-text-editor\" data-id=\"b5a1158\" data-element_type=\"widget\" data-widget_type=\"text-editor.default\">\n\t\t\t\t<div class=\"elementor-widget-container\">\n\t\t\t\t\t\t\t\t\t<h4>Trabajo realizado:<\/h4><ul><li>Audiodescripci\u00f3n en espa\u00f1ol<\/li><\/ul><h4><strong>Duraci\u00f3n:<\/strong><\/h4><p>88 min.<\/p><h4>Clasificaci\u00f3n:<\/h4><p>12 a\u00f1os<\/p><h4>G\u00e9nero:<\/h4><p>Documental, Polic\u00edaco<\/p><h4><strong>Sinopsis:<\/strong><\/h4><p><em data-start=\"42\" data-end=\"49\">Power<\/em> es un documental que examina la historia de la polic\u00eda en Estados Unidos, rastreando sus or\u00edgenes desde las patrullas de esclavos en el siglo XVIII hasta su evoluci\u00f3n en una fuerza moderna de control social. A trav\u00e9s de entrevistas con historiadores, activistas y v\u00edctimas de brutalidad policial, el filme ofrece una visi\u00f3n cr\u00edtica sobre c\u00f3mo las instituciones de polic\u00eda han perpetuado la opresi\u00f3n racial y de clase. Utilizando im\u00e1genes de archivo impactantes y testimonios personales, <em data-start=\"537\" data-end=\"544\" data-is-only-node=\"\">Power<\/em> busca generar conciencia sobre la necesidad de una reforma en el sistema de justicia penal estadounidense.<\/p><h4><span style=\"color: #000000;\">Trailer:<\/span><\/h4>\t\t\t\t\t\t\t\t<\/div>\n\t\t\t\t<\/div>\n\t\t\t\t<div class=\"elementor-element elementor-element-0013108 elementor-widget elementor-widget-video\" data-id=\"0013108\" data-element_type=\"widget\" data-settings=\"{&quot;youtube_url&quot;:&quot;https:\\\/\\\/youtu.be\\\/BNfYuUKyXBU&quot;,&quot;cc_load_policy&quot;:&quot;yes&quot;,&quot;video_type&quot;:&quot;youtube&quot;,&quot;controls&quot;:&quot;yes&quot;}\" data-widget_type=\"video.default\">\n\t\t\t\t<div class=\"elementor-widget-container\">\n\t\t\t\t\t\t\t<div class=\"elementor-wrapper elementor-open-inline\">\n\t\t\t<div class=\"elementor-video\"><\/div>\t\t<\/div>\n\t\t\t\t\t\t<\/div>\n\t\t\t\t<\/div>\n\t\t\t\t<\/div>\n\t\t\t\t\t<\/div>\n\t\t\t\t<\/div>\n\t\t<div class=\"elementor-element elementor-element-17c4096 e-flex e-con-boxed e-con e-parent\" data-id=\"17c4096\" data-element_type=\"container\">\n\t\t\t\t\t<div class=\"e-con-inner\">\n\t\t\t\t<div class=\"elementor-element elementor-element-3749f50 elementor-widget elementor-widget-spacer\" data-id=\"3749f50\" data-element_type=\"widget\" data-widget_type=\"spacer.default\">\n\t\t\t\t<div class=\"elementor-widget-container\">\n\t\t\t\t\t\t\t<div class=\"elementor-spacer\">\n\t\t\t<div class=\"elementor-spacer-inner\"><\/div>\n\t\t<\/div>\n\t\t\t\t\t\t<\/div>\n\t\t\t\t<\/div>\n\t\t\t\t\t<\/div>\n\t\t\t\t<\/div>\n\t\t\t\t<\/div>","protected":false},"excerpt":{"rendered":"<p>El Poder Policial en EE. UU. FICHA T\u00c9CNICA DEL PROYECTO Trabajo realizado: Audiodescripci\u00f3n en espa\u00f1ol Duraci\u00f3n: 88 min. Clasificaci\u00f3n: 12 a\u00f1os G\u00e9nero: Documental, Polic\u00edaco Sinopsis: Power es un documental que examina la historia de la polic\u00eda en Estados Unidos, rastreando sus or\u00edgenes desde las patrullas de esclavos en el siglo XVIII hasta su evoluci\u00f3n en [&hellip;]<\/p>","protected":false},"author":1,"featured_media":0,"parent":0,"menu_order":0,"comment_status":"closed","ping_status":"closed","template":"","meta":{"footnotes":""},"class_list":["post-1321","page","type-page","status-publish","hentry"],"_links":{"self":[{"href":"https:\/\/natalia.ramirez.provesonlinevalles.com\/fr\/wp-json\/wp\/v2\/pages\/1321","targetHints":{"allow":["GET"]}}],"collection":[{"href":"https:\/\/natalia.ramirez.provesonlinevalles.com\/fr\/wp-json\/wp\/v2\/pages"}],"about":[{"href":"https:\/\/natalia.ramirez.provesonlinevalles.com\/fr\/wp-json\/wp\/v2\/types\/page"}],"author":[{"embeddable":true,"href":"https:\/\/natalia.ramirez.provesonlinevalles.com\/fr\/wp-json\/wp\/v2\/users\/1"}],"replies":[{"embeddable":true,"href":"https:\/\/natalia.ramirez.provesonlinevalles.com\/fr\/wp-json\/wp\/v2\/comments?post=1321"}],"version-history":[{"count":13,"href":"https:\/\/natalia.ramirez.provesonlinevalles.com\/fr\/wp-json\/wp\/v2\/pages\/1321\/revisions"}],"predecessor-version":[{"id":1343,"href":"https:\/\/natalia.ramirez.provesonlinevalles.com\/fr\/wp-json\/wp\/v2\/pages\/1321\/revisions\/1343"}],"wp:attachment":[{"href":"https:\/\/natalia.ramirez.provesonlinevalles.com\/fr\/wp-json\/wp\/v2\/media?parent=1321"}],"curies":[{"name":"wp","href":"https:\/\/api.w.org\/{rel}","templated":true}]}}