{"id":1222,"date":"2025-09-12T11:35:56","date_gmt":"2025-09-12T09:35:56","guid":{"rendered":"https:\/\/natalia.ramirez.provesonlinevalles.com\/?page_id=1222"},"modified":"2025-09-12T11:45:39","modified_gmt":"2025-09-12T09:45:39","slug":"bill-maher","status":"publish","type":"page","link":"https:\/\/natalia.ramirez.provesonlinevalles.com\/fr\/bill-maher\/","title":{"rendered":"Bill Maher"},"content":{"rendered":"<div data-elementor-type=\"wp-page\" data-elementor-id=\"1222\" class=\"elementor elementor-1222\" data-elementor-post-type=\"page\">\n\t\t\t\t<div class=\"elementor-element elementor-element-5daf457 e-flex e-con-boxed e-con e-parent\" data-id=\"5daf457\" data-element_type=\"container\" data-settings=\"{&quot;background_background&quot;:&quot;gradient&quot;}\">\n\t\t\t\t\t<div class=\"e-con-inner\">\n\t\t\t\t<div class=\"elementor-element elementor-element-2de8c66 elementor-widget elementor-widget-heading\" data-id=\"2de8c66\" data-element_type=\"widget\" data-widget_type=\"heading.default\">\n\t\t\t\t<div class=\"elementor-widget-container\">\n\t\t\t\t\t<h1 class=\"elementor-heading-title elementor-size-default\">Bill Maher: \u00bfNadie m\u00e1s lo nota?<\/h1>\t\t\t\t<\/div>\n\t\t\t\t<\/div>\n\t\t\t\t\t<\/div>\n\t\t\t\t<\/div>\n\t\t<div class=\"elementor-element elementor-element-b8b4c4a e-flex e-con-boxed e-con e-parent\" data-id=\"b8b4c4a\" data-element_type=\"container\">\n\t\t\t\t\t<div class=\"e-con-inner\">\n\t\t\t\t<div class=\"elementor-element elementor-element-5432285 elementor-widget elementor-widget-spacer\" data-id=\"5432285\" data-element_type=\"widget\" data-widget_type=\"spacer.default\">\n\t\t\t\t<div class=\"elementor-widget-container\">\n\t\t\t\t\t\t\t<div class=\"elementor-spacer\">\n\t\t\t<div class=\"elementor-spacer-inner\"><\/div>\n\t\t<\/div>\n\t\t\t\t\t\t<\/div>\n\t\t\t\t<\/div>\n\t\t\t\t\t<\/div>\n\t\t\t\t<\/div>\n\t\t<div class=\"elementor-element elementor-element-9ddbce1 e-grid e-con-boxed e-con e-parent\" data-id=\"9ddbce1\" data-element_type=\"container\">\n\t\t\t\t\t<div class=\"e-con-inner\">\n\t\t\t\t<div class=\"elementor-element elementor-element-0bfde2a elementor-widget elementor-widget-image\" data-id=\"0bfde2a\" data-element_type=\"widget\" data-widget_type=\"image.default\">\n\t\t\t\t<div class=\"elementor-widget-container\">\n\t\t\t\t\t\t\t\t\t\t\t\t\t\t\t<img fetchpriority=\"high\" decoding=\"async\" width=\"683\" height=\"1024\" src=\"https:\/\/natalia.ramirez.provesonlinevalles.com\/wp-content\/uploads\/2025\/09\/bill_maher_is_anyone_else_seeing_this-323543105-large-683x1024.jpg\" class=\"attachment-large size-large wp-image-798\" alt=\"\" srcset=\"https:\/\/natalia.ramirez.provesonlinevalles.com\/wp-content\/uploads\/2025\/09\/bill_maher_is_anyone_else_seeing_this-323543105-large-683x1024.jpg 683w, https:\/\/natalia.ramirez.provesonlinevalles.com\/wp-content\/uploads\/2025\/09\/bill_maher_is_anyone_else_seeing_this-323543105-large-200x300.jpg 200w, https:\/\/natalia.ramirez.provesonlinevalles.com\/wp-content\/uploads\/2025\/09\/bill_maher_is_anyone_else_seeing_this-323543105-large-768x1152.jpg 768w, https:\/\/natalia.ramirez.provesonlinevalles.com\/wp-content\/uploads\/2025\/09\/bill_maher_is_anyone_else_seeing_this-323543105-large.jpg 800w\" sizes=\"(max-width: 683px) 100vw, 683px\" \/>\t\t\t\t\t\t\t\t\t\t\t\t\t\t\t<\/div>\n\t\t\t\t<\/div>\n\t\t<div class=\"elementor-element elementor-element-a9391e7 e-con-full e-flex e-con e-child\" data-id=\"a9391e7\" data-element_type=\"container\">\n\t\t\t\t<div class=\"elementor-element elementor-element-3b61013 elementor-widget elementor-widget-heading\" data-id=\"3b61013\" data-element_type=\"widget\" data-widget_type=\"heading.default\">\n\t\t\t\t<div class=\"elementor-widget-container\">\n\t\t\t\t\t<h2 class=\"elementor-heading-title elementor-size-default\">FICHA T\u00c9CNICA DEL PROYECTO<\/h2>\t\t\t\t<\/div>\n\t\t\t\t<\/div>\n\t\t\t\t<div class=\"elementor-element elementor-element-fb2bf8d elementor-widget elementor-widget-text-editor\" data-id=\"fb2bf8d\" data-element_type=\"widget\" data-widget_type=\"text-editor.default\">\n\t\t\t\t<div class=\"elementor-widget-container\">\n\t\t\t\t\t\t\t\t\t<h4>Trabajo realizado:<\/h4><ul><li>Subt\u00edtulos en espa\u00f1ol<\/li><\/ul><h4><strong>Duraci\u00f3n:<\/strong><\/h4><p>67 min.<\/p><h4>Clasificaci\u00f3n:<\/h4><p>16 a\u00f1os<\/p><h4>G\u00e9nero:<\/h4><p>Miniserie, Comedia, Stand-Up<\/p><h4><strong>Sinopsis:<\/strong><\/h4><p>Especial de comedia de Bill Maher donde aborda temas actuales con su caracter\u00edstico humor pol\u00edtico y social. Trata temas como la pol\u00edtica estadounidense, cultura popular y controversias recientes, invitando a la reflexi\u00f3n con un toque de sarcasmo.<\/p><h4><span style=\"color: #000000;\">Trailer:<\/span><\/h4>\t\t\t\t\t\t\t\t<\/div>\n\t\t\t\t<\/div>\n\t\t\t\t<div class=\"elementor-element elementor-element-fee89a7 elementor-widget elementor-widget-video\" data-id=\"fee89a7\" data-element_type=\"widget\" data-settings=\"{&quot;youtube_url&quot;:&quot;https:\\\/\\\/youtu.be\\\/V7R9h-SCX68&quot;,&quot;cc_load_policy&quot;:&quot;yes&quot;,&quot;video_type&quot;:&quot;youtube&quot;,&quot;controls&quot;:&quot;yes&quot;}\" data-widget_type=\"video.default\">\n\t\t\t\t<div class=\"elementor-widget-container\">\n\t\t\t\t\t\t\t<div class=\"elementor-wrapper elementor-open-inline\">\n\t\t\t<div class=\"elementor-video\"><\/div>\t\t<\/div>\n\t\t\t\t\t\t<\/div>\n\t\t\t\t<\/div>\n\t\t\t\t<\/div>\n\t\t\t\t\t<\/div>\n\t\t\t\t<\/div>\n\t\t<div class=\"elementor-element elementor-element-9f9dc0a e-flex e-con-boxed e-con e-parent\" data-id=\"9f9dc0a\" data-element_type=\"container\">\n\t\t\t\t\t<div class=\"e-con-inner\">\n\t\t\t\t<div class=\"elementor-element elementor-element-1a93a56 elementor-widget elementor-widget-spacer\" data-id=\"1a93a56\" data-element_type=\"widget\" data-widget_type=\"spacer.default\">\n\t\t\t\t<div class=\"elementor-widget-container\">\n\t\t\t\t\t\t\t<div class=\"elementor-spacer\">\n\t\t\t<div class=\"elementor-spacer-inner\"><\/div>\n\t\t<\/div>\n\t\t\t\t\t\t<\/div>\n\t\t\t\t<\/div>\n\t\t\t\t\t<\/div>\n\t\t\t\t<\/div>\n\t\t\t\t<\/div>","protected":false},"excerpt":{"rendered":"<p>Bill Maher: \u00bfNadie m\u00e1s lo nota? FICHA T\u00c9CNICA DEL PROYECTO Trabajo realizado: Subt\u00edtulos en espa\u00f1ol Duraci\u00f3n: 67 min. Clasificaci\u00f3n: 16 a\u00f1os G\u00e9nero: Miniserie, Comedia, Stand-Up Sinopsis: Especial de comedia de Bill Maher donde aborda temas actuales con su caracter\u00edstico humor pol\u00edtico y social. Trata temas como la pol\u00edtica estadounidense, cultura popular y controversias recientes, invitando [&hellip;]<\/p>","protected":false},"author":1,"featured_media":0,"parent":0,"menu_order":0,"comment_status":"closed","ping_status":"closed","template":"","meta":{"footnotes":""},"class_list":["post-1222","page","type-page","status-publish","hentry"],"_links":{"self":[{"href":"https:\/\/natalia.ramirez.provesonlinevalles.com\/fr\/wp-json\/wp\/v2\/pages\/1222","targetHints":{"allow":["GET"]}}],"collection":[{"href":"https:\/\/natalia.ramirez.provesonlinevalles.com\/fr\/wp-json\/wp\/v2\/pages"}],"about":[{"href":"https:\/\/natalia.ramirez.provesonlinevalles.com\/fr\/wp-json\/wp\/v2\/types\/page"}],"author":[{"embeddable":true,"href":"https:\/\/natalia.ramirez.provesonlinevalles.com\/fr\/wp-json\/wp\/v2\/users\/1"}],"replies":[{"embeddable":true,"href":"https:\/\/natalia.ramirez.provesonlinevalles.com\/fr\/wp-json\/wp\/v2\/comments?post=1222"}],"version-history":[{"count":10,"href":"https:\/\/natalia.ramirez.provesonlinevalles.com\/fr\/wp-json\/wp\/v2\/pages\/1222\/revisions"}],"predecessor-version":[{"id":1236,"href":"https:\/\/natalia.ramirez.provesonlinevalles.com\/fr\/wp-json\/wp\/v2\/pages\/1222\/revisions\/1236"}],"wp:attachment":[{"href":"https:\/\/natalia.ramirez.provesonlinevalles.com\/fr\/wp-json\/wp\/v2\/media?parent=1222"}],"curies":[{"name":"wp","href":"https:\/\/api.w.org\/{rel}","templated":true}]}}