{"id":1193,"date":"2025-09-12T11:27:44","date_gmt":"2025-09-12T09:27:44","guid":{"rendered":"https:\/\/natalia.ramirez.provesonlinevalles.com\/?page_id=1193"},"modified":"2025-09-17T03:30:16","modified_gmt":"2025-09-17T01:30:16","slug":"billy-joel-as-it-goes","status":"publish","type":"page","link":"https:\/\/natalia.ramirez.provesonlinevalles.com\/fr\/billy-joel-as-it-goes\/","title":{"rendered":"Billy Joel: As It Goes"},"content":{"rendered":"<div data-elementor-type=\"wp-page\" data-elementor-id=\"1193\" class=\"elementor elementor-1193\" data-elementor-post-type=\"page\">\n\t\t\t\t<div class=\"elementor-element elementor-element-200f496 e-flex e-con-boxed e-con e-parent\" data-id=\"200f496\" data-element_type=\"container\" data-settings=\"{&quot;background_background&quot;:&quot;gradient&quot;}\">\n\t\t\t\t\t<div class=\"e-con-inner\">\n\t\t\t\t<div class=\"elementor-element elementor-element-daf69cd elementor-widget elementor-widget-heading\" data-id=\"daf69cd\" data-element_type=\"widget\" data-widget_type=\"heading.default\">\n\t\t\t\t<div class=\"elementor-widget-container\">\n\t\t\t\t\t<h1 class=\"elementor-heading-title elementor-size-default\">Billy Joel: As It Goes<\/h1>\t\t\t\t<\/div>\n\t\t\t\t<\/div>\n\t\t\t\t\t<\/div>\n\t\t\t\t<\/div>\n\t\t<div class=\"elementor-element elementor-element-a7d035a e-flex e-con-boxed e-con e-parent\" data-id=\"a7d035a\" data-element_type=\"container\">\n\t\t\t\t\t<div class=\"e-con-inner\">\n\t\t\t\t<div class=\"elementor-element elementor-element-62e2d0d elementor-widget elementor-widget-spacer\" data-id=\"62e2d0d\" data-element_type=\"widget\" data-widget_type=\"spacer.default\">\n\t\t\t\t<div class=\"elementor-widget-container\">\n\t\t\t\t\t\t\t<div class=\"elementor-spacer\">\n\t\t\t<div class=\"elementor-spacer-inner\"><\/div>\n\t\t<\/div>\n\t\t\t\t\t\t<\/div>\n\t\t\t\t<\/div>\n\t\t\t\t\t<\/div>\n\t\t\t\t<\/div>\n\t\t<div class=\"elementor-element elementor-element-56a91ee e-grid e-con-boxed e-con e-parent\" data-id=\"56a91ee\" data-element_type=\"container\">\n\t\t\t\t\t<div class=\"e-con-inner\">\n\t\t\t\t<div class=\"elementor-element elementor-element-d302d78 elementor-widget elementor-widget-image\" data-id=\"d302d78\" data-element_type=\"widget\" data-widget_type=\"image.default\">\n\t\t\t\t<div class=\"elementor-widget-container\">\n\t\t\t\t\t\t\t\t\t\t\t\t\t\t\t<img fetchpriority=\"high\" decoding=\"async\" width=\"300\" height=\"435\" src=\"https:\/\/natalia.ramirez.provesonlinevalles.com\/wp-content\/uploads\/2025\/09\/billy_joel_and_so_it_goes.jpg\" class=\"attachment-full size-full wp-image-799\" alt=\"\" srcset=\"https:\/\/natalia.ramirez.provesonlinevalles.com\/wp-content\/uploads\/2025\/09\/billy_joel_and_so_it_goes.jpg 300w, https:\/\/natalia.ramirez.provesonlinevalles.com\/wp-content\/uploads\/2025\/09\/billy_joel_and_so_it_goes-207x300.jpg 207w\" sizes=\"(max-width: 300px) 100vw, 300px\" \/>\t\t\t\t\t\t\t\t\t\t\t\t\t\t\t<\/div>\n\t\t\t\t<\/div>\n\t\t<div class=\"elementor-element elementor-element-daf6ecb e-con-full e-flex e-con e-child\" data-id=\"daf6ecb\" data-element_type=\"container\">\n\t\t\t\t<div class=\"elementor-element elementor-element-1d24ea2 elementor-widget elementor-widget-heading\" data-id=\"1d24ea2\" data-element_type=\"widget\" data-widget_type=\"heading.default\">\n\t\t\t\t<div class=\"elementor-widget-container\">\n\t\t\t\t\t<h2 class=\"elementor-heading-title elementor-size-default\">FICHA T\u00c9CNICA DEL PROYECTO<\/h2>\t\t\t\t<\/div>\n\t\t\t\t<\/div>\n\t\t\t\t<div class=\"elementor-element elementor-element-81b9948 elementor-widget elementor-widget-text-editor\" data-id=\"81b9948\" data-element_type=\"widget\" data-widget_type=\"text-editor.default\">\n\t\t\t\t<div class=\"elementor-widget-container\">\n\t\t\t\t\t\t\t\t\t<h4>Trabajo realizado:<\/h4>\n<ul>\n<li>Subt\u00edtulos en espa\u00f1ol episodio 2<\/li>\n<li>Revisi\u00f3n subt\u00edtulos del episodio 1<\/li>\n<\/ul>\n<h4><strong>Duraci\u00f3n:<\/strong><\/h4>\n<p>2 episodios<\/p>\n<h4>Clasificaci\u00f3n:<\/h4>\n<p>12 a\u00f1os<\/p>\n<h4>G\u00e9nero:<\/h4>\n<p>Miniserie, Documental, Biogr\u00e1fico<\/p>\n<h4><strong>Sinopsis:<\/strong><\/h4>\n<p>Este documental de dos partes para HBO (y disponible en HBO Max) ofrece un retrato extenso y profundamente personal de Billy Joel \u2014cantautor \u00edcono, miembro del Sal\u00f3n de la Fama del Rock &amp; Roll y siete veces ganador del Grammy\u2014. Dirigido por Susan Lacy y Jessica Levin, la serie explora la vida y m\u00fasica de Joel a trav\u00e9s de entrevistas \u00edntimas, im\u00e1genes familiares, grabaciones in\u00e9ditas y actuaciones en directo que nunca antes se hab\u00edan visto.<\/p>\n<h4><span style=\"color: #000000;\">Trailer:<\/span><\/h4>\t\t\t\t\t\t\t\t<\/div>\n\t\t\t\t<\/div>\n\t\t\t\t<div class=\"elementor-element elementor-element-d120d49 elementor-widget elementor-widget-video\" data-id=\"d120d49\" data-element_type=\"widget\" data-settings=\"{&quot;youtube_url&quot;:&quot;https:\\\/\\\/youtu.be\\\/fvCB4gg7yS0&quot;,&quot;cc_load_policy&quot;:&quot;yes&quot;,&quot;video_type&quot;:&quot;youtube&quot;,&quot;controls&quot;:&quot;yes&quot;}\" data-widget_type=\"video.default\">\n\t\t\t\t<div class=\"elementor-widget-container\">\n\t\t\t\t\t\t\t<div class=\"elementor-wrapper elementor-open-inline\">\n\t\t\t<div class=\"elementor-video\"><\/div>\t\t<\/div>\n\t\t\t\t\t\t<\/div>\n\t\t\t\t<\/div>\n\t\t\t\t<\/div>\n\t\t\t\t\t<\/div>\n\t\t\t\t<\/div>\n\t\t<div class=\"elementor-element elementor-element-bfe428f e-flex e-con-boxed e-con e-parent\" data-id=\"bfe428f\" data-element_type=\"container\">\n\t\t\t\t\t<div class=\"e-con-inner\">\n\t\t\t\t<div class=\"elementor-element elementor-element-ca299ec elementor-widget elementor-widget-spacer\" data-id=\"ca299ec\" data-element_type=\"widget\" data-widget_type=\"spacer.default\">\n\t\t\t\t<div class=\"elementor-widget-container\">\n\t\t\t\t\t\t\t<div class=\"elementor-spacer\">\n\t\t\t<div class=\"elementor-spacer-inner\"><\/div>\n\t\t<\/div>\n\t\t\t\t\t\t<\/div>\n\t\t\t\t<\/div>\n\t\t\t\t\t<\/div>\n\t\t\t\t<\/div>\n\t\t\t\t<\/div>","protected":false},"excerpt":{"rendered":"<p>Billy Joel: As It Goes FICHA T\u00c9CNICA DEL PROYECTO Trabajo realizado: Subt\u00edtulos en espa\u00f1ol episodio 2 Revisi\u00f3n subt\u00edtulos del episodio 1 Duraci\u00f3n: 2 episodios Clasificaci\u00f3n: 12 a\u00f1os G\u00e9nero: Miniserie, Documental, Biogr\u00e1fico Sinopsis: Este documental de dos partes para HBO (y disponible en HBO Max) ofrece un retrato extenso y profundamente personal de Billy Joel \u2014cantautor [&hellip;]<\/p>","protected":false},"author":1,"featured_media":0,"parent":0,"menu_order":0,"comment_status":"closed","ping_status":"closed","template":"","meta":{"footnotes":""},"class_list":["post-1193","page","type-page","status-publish","hentry"],"_links":{"self":[{"href":"https:\/\/natalia.ramirez.provesonlinevalles.com\/fr\/wp-json\/wp\/v2\/pages\/1193","targetHints":{"allow":["GET"]}}],"collection":[{"href":"https:\/\/natalia.ramirez.provesonlinevalles.com\/fr\/wp-json\/wp\/v2\/pages"}],"about":[{"href":"https:\/\/natalia.ramirez.provesonlinevalles.com\/fr\/wp-json\/wp\/v2\/types\/page"}],"author":[{"embeddable":true,"href":"https:\/\/natalia.ramirez.provesonlinevalles.com\/fr\/wp-json\/wp\/v2\/users\/1"}],"replies":[{"embeddable":true,"href":"https:\/\/natalia.ramirez.provesonlinevalles.com\/fr\/wp-json\/wp\/v2\/comments?post=1193"}],"version-history":[{"count":28,"href":"https:\/\/natalia.ramirez.provesonlinevalles.com\/fr\/wp-json\/wp\/v2\/pages\/1193\/revisions"}],"predecessor-version":[{"id":1639,"href":"https:\/\/natalia.ramirez.provesonlinevalles.com\/fr\/wp-json\/wp\/v2\/pages\/1193\/revisions\/1639"}],"wp:attachment":[{"href":"https:\/\/natalia.ramirez.provesonlinevalles.com\/fr\/wp-json\/wp\/v2\/media?parent=1193"}],"curies":[{"name":"wp","href":"https:\/\/api.w.org\/{rel}","templated":true}]}}