{"id":1152,"date":"2025-09-12T11:17:42","date_gmt":"2025-09-12T09:17:42","guid":{"rendered":"https:\/\/natalia.ramirez.provesonlinevalles.com\/?page_id=1152"},"modified":"2025-09-12T11:26:03","modified_gmt":"2025-09-12T09:26:03","slug":"el-amante-de-lady-chatterley","status":"publish","type":"page","link":"https:\/\/natalia.ramirez.provesonlinevalles.com\/fr\/el-amante-de-lady-chatterley\/","title":{"rendered":"El amante de Lady Chatterley"},"content":{"rendered":"<div data-elementor-type=\"wp-page\" data-elementor-id=\"1152\" class=\"elementor elementor-1152\" data-elementor-post-type=\"page\">\n\t\t\t\t<div class=\"elementor-element elementor-element-6c8db05 e-flex e-con-boxed e-con e-parent\" data-id=\"6c8db05\" data-element_type=\"container\" data-settings=\"{&quot;background_background&quot;:&quot;gradient&quot;}\">\n\t\t\t\t\t<div class=\"e-con-inner\">\n\t\t\t\t<div class=\"elementor-element elementor-element-ba1b909 elementor-widget elementor-widget-heading\" data-id=\"ba1b909\" data-element_type=\"widget\" data-widget_type=\"heading.default\">\n\t\t\t\t<div class=\"elementor-widget-container\">\n\t\t\t\t\t<h1 class=\"elementor-heading-title elementor-size-default\">El amante de Lady Chatterley<\/h1>\t\t\t\t<\/div>\n\t\t\t\t<\/div>\n\t\t\t\t\t<\/div>\n\t\t\t\t<\/div>\n\t\t<div class=\"elementor-element elementor-element-8e1231d e-flex e-con-boxed e-con e-parent\" data-id=\"8e1231d\" data-element_type=\"container\">\n\t\t\t\t\t<div class=\"e-con-inner\">\n\t\t\t\t<div class=\"elementor-element elementor-element-b21d29c elementor-widget elementor-widget-spacer\" data-id=\"b21d29c\" data-element_type=\"widget\" data-widget_type=\"spacer.default\">\n\t\t\t\t<div class=\"elementor-widget-container\">\n\t\t\t\t\t\t\t<div class=\"elementor-spacer\">\n\t\t\t<div class=\"elementor-spacer-inner\"><\/div>\n\t\t<\/div>\n\t\t\t\t\t\t<\/div>\n\t\t\t\t<\/div>\n\t\t\t\t\t<\/div>\n\t\t\t\t<\/div>\n\t\t<div class=\"elementor-element elementor-element-1e8f95a e-grid e-con-boxed e-con e-parent\" data-id=\"1e8f95a\" data-element_type=\"container\">\n\t\t\t\t\t<div class=\"e-con-inner\">\n\t\t\t\t<div class=\"elementor-element elementor-element-601db00 elementor-widget elementor-widget-image\" data-id=\"601db00\" data-element_type=\"widget\" data-widget_type=\"image.default\">\n\t\t\t\t<div class=\"elementor-widget-container\">\n\t\t\t\t\t\t\t\t\t\t\t\t\t\t\t<img fetchpriority=\"high\" decoding=\"async\" width=\"721\" height=\"1024\" src=\"https:\/\/natalia.ramirez.provesonlinevalles.com\/wp-content\/uploads\/2025\/09\/Lady-Chatterleys-Lover_El-amante-de-Lady-Chatterley-721x1024.jpg\" class=\"attachment-large size-large wp-image-817\" alt=\"\" srcset=\"https:\/\/natalia.ramirez.provesonlinevalles.com\/wp-content\/uploads\/2025\/09\/Lady-Chatterleys-Lover_El-amante-de-Lady-Chatterley-721x1024.jpg 721w, https:\/\/natalia.ramirez.provesonlinevalles.com\/wp-content\/uploads\/2025\/09\/Lady-Chatterleys-Lover_El-amante-de-Lady-Chatterley-211x300.jpg 211w, https:\/\/natalia.ramirez.provesonlinevalles.com\/wp-content\/uploads\/2025\/09\/Lady-Chatterleys-Lover_El-amante-de-Lady-Chatterley-768x1090.jpg 768w, https:\/\/natalia.ramirez.provesonlinevalles.com\/wp-content\/uploads\/2025\/09\/Lady-Chatterleys-Lover_El-amante-de-Lady-Chatterley-1082x1536.jpg 1082w, https:\/\/natalia.ramirez.provesonlinevalles.com\/wp-content\/uploads\/2025\/09\/Lady-Chatterleys-Lover_El-amante-de-Lady-Chatterley.jpg 1120w\" sizes=\"(max-width: 721px) 100vw, 721px\" \/>\t\t\t\t\t\t\t\t\t\t\t\t\t\t\t<\/div>\n\t\t\t\t<\/div>\n\t\t<div class=\"elementor-element elementor-element-6e659e2 e-con-full e-flex e-con e-child\" data-id=\"6e659e2\" data-element_type=\"container\">\n\t\t\t\t<div class=\"elementor-element elementor-element-5d5804a elementor-widget elementor-widget-heading\" data-id=\"5d5804a\" data-element_type=\"widget\" data-widget_type=\"heading.default\">\n\t\t\t\t<div class=\"elementor-widget-container\">\n\t\t\t\t\t<h2 class=\"elementor-heading-title elementor-size-default\">FICHA T\u00c9CNICA DEL PROYECTO<\/h2>\t\t\t\t<\/div>\n\t\t\t\t<\/div>\n\t\t\t\t<div class=\"elementor-element elementor-element-80c0296 elementor-widget elementor-widget-text-editor\" data-id=\"80c0296\" data-element_type=\"widget\" data-widget_type=\"text-editor.default\">\n\t\t\t\t<div class=\"elementor-widget-container\">\n\t\t\t\t\t\t\t\t\t<h4>Trabajo realizado:<\/h4><ul><li>Audiodescripci\u00f3n en espa\u00f1ol<\/li><\/ul><h4><strong>Duraci\u00f3n:<\/strong><\/h4><p>103 min.<\/p><h4>Clasificaci\u00f3n:<\/h4><p>18 a\u00f1os<\/p><h4>G\u00e9nero:<\/h4><p>Drama, Romance<\/p><h4><strong>Sinopsis:<\/strong><\/h4><p>Lady Constance \u201cConnie\u201d Reid (interpretada por Emma Corrin) es una joven arist\u00f3crata que, tras casarse con Sir Clifford Chatterley, se ve atrapada en un matrimonio sin pasi\u00f3n. Cuando Sir Clifford regresa de la Primera Guerra Mundial con lesiones que le impiden caminar, Connie comienza una relaci\u00f3n secreta con Oliver Mellors (Jack O\u2019Connell), el guardabosques de la propiedad familiar. Esta aventura la lleva a un despertar sexual y emocional que desaf\u00eda las normas sociales de la \u00e9poca.<\/p><h4><span style=\"color: #000000;\">Trailer:<\/span><\/h4>\t\t\t\t\t\t\t\t<\/div>\n\t\t\t\t<\/div>\n\t\t\t\t<div class=\"elementor-element elementor-element-8f6c0aa elementor-widget elementor-widget-video\" data-id=\"8f6c0aa\" data-element_type=\"widget\" data-settings=\"{&quot;youtube_url&quot;:&quot;https:\\\/\\\/youtu.be\\\/Wc-C98wvbDA&quot;,&quot;cc_load_policy&quot;:&quot;yes&quot;,&quot;video_type&quot;:&quot;youtube&quot;,&quot;controls&quot;:&quot;yes&quot;}\" data-widget_type=\"video.default\">\n\t\t\t\t<div class=\"elementor-widget-container\">\n\t\t\t\t\t\t\t<div class=\"elementor-wrapper elementor-open-inline\">\n\t\t\t<div class=\"elementor-video\"><\/div>\t\t<\/div>\n\t\t\t\t\t\t<\/div>\n\t\t\t\t<\/div>\n\t\t\t\t<\/div>\n\t\t\t\t\t<\/div>\n\t\t\t\t<\/div>\n\t\t<div class=\"elementor-element elementor-element-bad5010 e-flex e-con-boxed e-con e-parent\" data-id=\"bad5010\" data-element_type=\"container\">\n\t\t\t\t\t<div class=\"e-con-inner\">\n\t\t\t\t<div class=\"elementor-element elementor-element-ccf2638 elementor-widget elementor-widget-spacer\" data-id=\"ccf2638\" data-element_type=\"widget\" data-widget_type=\"spacer.default\">\n\t\t\t\t<div class=\"elementor-widget-container\">\n\t\t\t\t\t\t\t<div class=\"elementor-spacer\">\n\t\t\t<div class=\"elementor-spacer-inner\"><\/div>\n\t\t<\/div>\n\t\t\t\t\t\t<\/div>\n\t\t\t\t<\/div>\n\t\t\t\t\t<\/div>\n\t\t\t\t<\/div>\n\t\t\t\t<\/div>","protected":false},"excerpt":{"rendered":"<p>El amante de Lady Chatterley FICHA T\u00c9CNICA DEL PROYECTO Trabajo realizado: Audiodescripci\u00f3n en espa\u00f1ol Duraci\u00f3n: 103 min. Clasificaci\u00f3n: 18 a\u00f1os G\u00e9nero: Drama, Romance Sinopsis: Lady Constance \u201cConnie\u201d Reid (interpretada por Emma Corrin) es una joven arist\u00f3crata que, tras casarse con Sir Clifford Chatterley, se ve atrapada en un matrimonio sin pasi\u00f3n. Cuando Sir Clifford regresa [&hellip;]<\/p>","protected":false},"author":1,"featured_media":0,"parent":0,"menu_order":0,"comment_status":"closed","ping_status":"closed","template":"","meta":{"footnotes":""},"class_list":["post-1152","page","type-page","status-publish","hentry"],"_links":{"self":[{"href":"https:\/\/natalia.ramirez.provesonlinevalles.com\/fr\/wp-json\/wp\/v2\/pages\/1152","targetHints":{"allow":["GET"]}}],"collection":[{"href":"https:\/\/natalia.ramirez.provesonlinevalles.com\/fr\/wp-json\/wp\/v2\/pages"}],"about":[{"href":"https:\/\/natalia.ramirez.provesonlinevalles.com\/fr\/wp-json\/wp\/v2\/types\/page"}],"author":[{"embeddable":true,"href":"https:\/\/natalia.ramirez.provesonlinevalles.com\/fr\/wp-json\/wp\/v2\/users\/1"}],"replies":[{"embeddable":true,"href":"https:\/\/natalia.ramirez.provesonlinevalles.com\/fr\/wp-json\/wp\/v2\/comments?post=1152"}],"version-history":[{"count":28,"href":"https:\/\/natalia.ramirez.provesonlinevalles.com\/fr\/wp-json\/wp\/v2\/pages\/1152\/revisions"}],"predecessor-version":[{"id":1183,"href":"https:\/\/natalia.ramirez.provesonlinevalles.com\/fr\/wp-json\/wp\/v2\/pages\/1152\/revisions\/1183"}],"wp:attachment":[{"href":"https:\/\/natalia.ramirez.provesonlinevalles.com\/fr\/wp-json\/wp\/v2\/media?parent=1152"}],"curies":[{"name":"wp","href":"https:\/\/api.w.org\/{rel}","templated":true}]}}