{"id":1046,"date":"2025-09-12T10:37:28","date_gmt":"2025-09-12T08:37:28","guid":{"rendered":"https:\/\/natalia.ramirez.provesonlinevalles.com\/?page_id=1046"},"modified":"2025-09-12T10:43:57","modified_gmt":"2025-09-12T08:43:57","slug":"la-diplomatica","status":"publish","type":"page","link":"https:\/\/natalia.ramirez.provesonlinevalles.com\/fr\/la-diplomatica\/","title":{"rendered":"La Diplom\u00e1tica"},"content":{"rendered":"<div data-elementor-type=\"wp-page\" data-elementor-id=\"1046\" class=\"elementor elementor-1046\" data-elementor-post-type=\"page\">\n\t\t\t\t<div class=\"elementor-element elementor-element-15d0ea0 e-flex e-con-boxed e-con e-parent\" data-id=\"15d0ea0\" data-element_type=\"container\" data-settings=\"{&quot;background_background&quot;:&quot;gradient&quot;}\">\n\t\t\t\t\t<div class=\"e-con-inner\">\n\t\t\t\t<div class=\"elementor-element elementor-element-454a4e4 elementor-widget elementor-widget-heading\" data-id=\"454a4e4\" data-element_type=\"widget\" data-widget_type=\"heading.default\">\n\t\t\t\t<div class=\"elementor-widget-container\">\n\t\t\t\t\t<h1 class=\"elementor-heading-title elementor-size-default\">La Diplom\u00e1tica<\/h1>\t\t\t\t<\/div>\n\t\t\t\t<\/div>\n\t\t\t\t\t<\/div>\n\t\t\t\t<\/div>\n\t\t<div class=\"elementor-element elementor-element-7983f60 e-flex e-con-boxed e-con e-parent\" data-id=\"7983f60\" data-element_type=\"container\">\n\t\t\t\t\t<div class=\"e-con-inner\">\n\t\t\t\t<div class=\"elementor-element elementor-element-1edb6cb elementor-widget elementor-widget-spacer\" data-id=\"1edb6cb\" data-element_type=\"widget\" data-widget_type=\"spacer.default\">\n\t\t\t\t<div class=\"elementor-widget-container\">\n\t\t\t\t\t\t\t<div class=\"elementor-spacer\">\n\t\t\t<div class=\"elementor-spacer-inner\"><\/div>\n\t\t<\/div>\n\t\t\t\t\t\t<\/div>\n\t\t\t\t<\/div>\n\t\t\t\t\t<\/div>\n\t\t\t\t<\/div>\n\t\t<div class=\"elementor-element elementor-element-9826b0f e-grid e-con-boxed e-con e-parent\" data-id=\"9826b0f\" data-element_type=\"container\">\n\t\t\t\t\t<div class=\"e-con-inner\">\n\t\t\t\t<div class=\"elementor-element elementor-element-87317bc elementor-widget elementor-widget-image\" data-id=\"87317bc\" data-element_type=\"widget\" data-widget_type=\"image.default\">\n\t\t\t\t<div class=\"elementor-widget-container\">\n\t\t\t\t\t\t\t\t\t\t\t\t\t\t\t<img fetchpriority=\"high\" decoding=\"async\" width=\"683\" height=\"1024\" src=\"https:\/\/natalia.ramirez.provesonlinevalles.com\/wp-content\/uploads\/2025\/09\/The-Diplomat_La-Diplomatica-683x1024.jpg\" class=\"attachment-large size-large wp-image-800\" alt=\"\" srcset=\"https:\/\/natalia.ramirez.provesonlinevalles.com\/wp-content\/uploads\/2025\/09\/The-Diplomat_La-Diplomatica-683x1024.jpg 683w, https:\/\/natalia.ramirez.provesonlinevalles.com\/wp-content\/uploads\/2025\/09\/The-Diplomat_La-Diplomatica-200x300.jpg 200w, https:\/\/natalia.ramirez.provesonlinevalles.com\/wp-content\/uploads\/2025\/09\/The-Diplomat_La-Diplomatica-768x1151.jpg 768w, https:\/\/natalia.ramirez.provesonlinevalles.com\/wp-content\/uploads\/2025\/09\/The-Diplomat_La-Diplomatica-1024x1536.jpg 1024w, https:\/\/natalia.ramirez.provesonlinevalles.com\/wp-content\/uploads\/2025\/09\/The-Diplomat_La-Diplomatica-1366x2048.jpg 1366w, https:\/\/natalia.ramirez.provesonlinevalles.com\/wp-content\/uploads\/2025\/09\/The-Diplomat_La-Diplomatica.jpg 1482w\" sizes=\"(max-width: 683px) 100vw, 683px\" \/>\t\t\t\t\t\t\t\t\t\t\t\t\t\t\t<\/div>\n\t\t\t\t<\/div>\n\t\t<div class=\"elementor-element elementor-element-dc74198 e-con-full e-flex e-con e-child\" data-id=\"dc74198\" data-element_type=\"container\">\n\t\t\t\t<div class=\"elementor-element elementor-element-145c629 elementor-widget elementor-widget-heading\" data-id=\"145c629\" data-element_type=\"widget\" data-widget_type=\"heading.default\">\n\t\t\t\t<div class=\"elementor-widget-container\">\n\t\t\t\t\t<h2 class=\"elementor-heading-title elementor-size-default\">FICHA T\u00c9CNICA DEL PROYECTO<\/h2>\t\t\t\t<\/div>\n\t\t\t\t<\/div>\n\t\t\t\t<div class=\"elementor-element elementor-element-77f1e17 elementor-widget elementor-widget-text-editor\" data-id=\"77f1e17\" data-element_type=\"widget\" data-widget_type=\"text-editor.default\">\n\t\t\t\t<div class=\"elementor-widget-container\">\n\t\t\t\t\t\t\t\t\t<h4>Trabajo realizado:<\/h4><ul><li>Audiodescripci\u00f3n en espa\u00f1ol<\/li><\/ul><h4><strong>Duraci\u00f3n:<\/strong><\/h4><p>3 temporadas<\/p><h4>Clasificaci\u00f3n:<\/h4><p>16 a\u00f1os<\/p><h4>G\u00e9nero:<\/h4><p>Serie de TV, Drama, Thriller, Pol\u00edtica<\/p><h4><strong>Sinopsis:<\/strong><\/h4><p><em data-start=\"42\" data-end=\"56\">The Diplomat<\/em> es un thriller pol\u00edtico creado por Debora Cahn. La trama sigue a Kate Wyler (Keri Russell), una diplom\u00e1tica veterana que, en medio de una crisis internacional, es nombrada embajadora de EE.\u202fUU. en el Reino Unido. Este nombramiento pone a prueba su capacidad profesional y desequilibra su matrimonio con Hal Wyler (Rufus Sewell), tambi\u00e9n diplom\u00e1tico de carrera.<\/p><h4><span style=\"color: #000000;\">Trailer:<\/span><\/h4>\t\t\t\t\t\t\t\t<\/div>\n\t\t\t\t<\/div>\n\t\t\t\t<div class=\"elementor-element elementor-element-ae4f979 elementor-widget elementor-widget-video\" data-id=\"ae4f979\" data-element_type=\"widget\" data-settings=\"{&quot;youtube_url&quot;:&quot;https:\\\/\\\/youtu.be\\\/lV6sJlBbhPs&quot;,&quot;cc_load_policy&quot;:&quot;yes&quot;,&quot;video_type&quot;:&quot;youtube&quot;,&quot;controls&quot;:&quot;yes&quot;}\" data-widget_type=\"video.default\">\n\t\t\t\t<div class=\"elementor-widget-container\">\n\t\t\t\t\t\t\t<div class=\"elementor-wrapper elementor-open-inline\">\n\t\t\t<div class=\"elementor-video\"><\/div>\t\t<\/div>\n\t\t\t\t\t\t<\/div>\n\t\t\t\t<\/div>\n\t\t\t\t<\/div>\n\t\t\t\t\t<\/div>\n\t\t\t\t<\/div>\n\t\t<div class=\"elementor-element elementor-element-79b1b70 e-flex e-con-boxed e-con e-parent\" data-id=\"79b1b70\" data-element_type=\"container\">\n\t\t\t\t\t<div class=\"e-con-inner\">\n\t\t\t\t<div class=\"elementor-element elementor-element-8325895 elementor-widget elementor-widget-spacer\" data-id=\"8325895\" data-element_type=\"widget\" data-widget_type=\"spacer.default\">\n\t\t\t\t<div class=\"elementor-widget-container\">\n\t\t\t\t\t\t\t<div class=\"elementor-spacer\">\n\t\t\t<div class=\"elementor-spacer-inner\"><\/div>\n\t\t<\/div>\n\t\t\t\t\t\t<\/div>\n\t\t\t\t<\/div>\n\t\t\t\t\t<\/div>\n\t\t\t\t<\/div>\n\t\t\t\t<\/div>","protected":false},"excerpt":{"rendered":"<p>La Diplom\u00e1tica FICHA T\u00c9CNICA DEL PROYECTO Trabajo realizado: Audiodescripci\u00f3n en espa\u00f1ol Duraci\u00f3n: 3 temporadas Clasificaci\u00f3n: 16 a\u00f1os G\u00e9nero: Serie de TV, Drama, Thriller, Pol\u00edtica Sinopsis: The Diplomat es un thriller pol\u00edtico creado por Debora Cahn. La trama sigue a Kate Wyler (Keri Russell), una diplom\u00e1tica veterana que, en medio de una crisis internacional, es nombrada [&hellip;]<\/p>","protected":false},"author":1,"featured_media":0,"parent":0,"menu_order":0,"comment_status":"closed","ping_status":"closed","template":"","meta":{"footnotes":""},"class_list":["post-1046","page","type-page","status-publish","hentry"],"_links":{"self":[{"href":"https:\/\/natalia.ramirez.provesonlinevalles.com\/fr\/wp-json\/wp\/v2\/pages\/1046","targetHints":{"allow":["GET"]}}],"collection":[{"href":"https:\/\/natalia.ramirez.provesonlinevalles.com\/fr\/wp-json\/wp\/v2\/pages"}],"about":[{"href":"https:\/\/natalia.ramirez.provesonlinevalles.com\/fr\/wp-json\/wp\/v2\/types\/page"}],"author":[{"embeddable":true,"href":"https:\/\/natalia.ramirez.provesonlinevalles.com\/fr\/wp-json\/wp\/v2\/users\/1"}],"replies":[{"embeddable":true,"href":"https:\/\/natalia.ramirez.provesonlinevalles.com\/fr\/wp-json\/wp\/v2\/comments?post=1046"}],"version-history":[{"count":19,"href":"https:\/\/natalia.ramirez.provesonlinevalles.com\/fr\/wp-json\/wp\/v2\/pages\/1046\/revisions"}],"predecessor-version":[{"id":1065,"href":"https:\/\/natalia.ramirez.provesonlinevalles.com\/fr\/wp-json\/wp\/v2\/pages\/1046\/revisions\/1065"}],"wp:attachment":[{"href":"https:\/\/natalia.ramirez.provesonlinevalles.com\/fr\/wp-json\/wp\/v2\/media?parent=1046"}],"curies":[{"name":"wp","href":"https:\/\/api.w.org\/{rel}","templated":true}]}}