{"id":1026,"date":"2025-09-12T10:31:04","date_gmt":"2025-09-12T08:31:04","guid":{"rendered":"https:\/\/natalia.ramirez.provesonlinevalles.com\/?page_id=1026"},"modified":"2025-09-12T10:34:57","modified_gmt":"2025-09-12T08:34:57","slug":"la-caida-de-la-casa-usher","status":"publish","type":"page","link":"https:\/\/natalia.ramirez.provesonlinevalles.com\/fr\/la-caida-de-la-casa-usher\/","title":{"rendered":"La ca\u00edda de la casa Usher"},"content":{"rendered":"<div data-elementor-type=\"wp-page\" data-elementor-id=\"1026\" class=\"elementor elementor-1026\" data-elementor-post-type=\"page\">\n\t\t\t\t<div class=\"elementor-element elementor-element-c13365b e-flex e-con-boxed e-con e-parent\" data-id=\"c13365b\" data-element_type=\"container\" data-settings=\"{&quot;background_background&quot;:&quot;gradient&quot;}\">\n\t\t\t\t\t<div class=\"e-con-inner\">\n\t\t\t\t<div class=\"elementor-element elementor-element-58ece14 elementor-widget elementor-widget-heading\" data-id=\"58ece14\" data-element_type=\"widget\" data-widget_type=\"heading.default\">\n\t\t\t\t<div class=\"elementor-widget-container\">\n\t\t\t\t\t<h1 class=\"elementor-heading-title elementor-size-default\">La ca\u00edda de la casa Usher<\/h1>\t\t\t\t<\/div>\n\t\t\t\t<\/div>\n\t\t\t\t\t<\/div>\n\t\t\t\t<\/div>\n\t\t<div class=\"elementor-element elementor-element-a08a7e6 e-flex e-con-boxed e-con e-parent\" data-id=\"a08a7e6\" data-element_type=\"container\">\n\t\t\t\t\t<div class=\"e-con-inner\">\n\t\t\t\t<div class=\"elementor-element elementor-element-6bffc20 elementor-widget elementor-widget-spacer\" data-id=\"6bffc20\" data-element_type=\"widget\" data-widget_type=\"spacer.default\">\n\t\t\t\t<div class=\"elementor-widget-container\">\n\t\t\t\t\t\t\t<div class=\"elementor-spacer\">\n\t\t\t<div class=\"elementor-spacer-inner\"><\/div>\n\t\t<\/div>\n\t\t\t\t\t\t<\/div>\n\t\t\t\t<\/div>\n\t\t\t\t\t<\/div>\n\t\t\t\t<\/div>\n\t\t<div class=\"elementor-element elementor-element-bcd78f5 e-grid e-con-boxed e-con e-parent\" data-id=\"bcd78f5\" data-element_type=\"container\">\n\t\t\t\t\t<div class=\"e-con-inner\">\n\t\t\t\t<div class=\"elementor-element elementor-element-2c781fd elementor-widget elementor-widget-image\" data-id=\"2c781fd\" data-element_type=\"widget\" data-widget_type=\"image.default\">\n\t\t\t\t<div class=\"elementor-widget-container\">\n\t\t\t\t\t\t\t\t\t\t\t\t\t\t\t<img fetchpriority=\"high\" decoding=\"async\" width=\"683\" height=\"1024\" src=\"https:\/\/natalia.ramirez.provesonlinevalles.com\/wp-content\/uploads\/2025\/09\/The-Fall-of-the-House-of-Usher_La-caida-de-la-casa-Usher-683x1024.jpg\" class=\"attachment-large size-large wp-image-801\" alt=\"\" srcset=\"https:\/\/natalia.ramirez.provesonlinevalles.com\/wp-content\/uploads\/2025\/09\/The-Fall-of-the-House-of-Usher_La-caida-de-la-casa-Usher-683x1024.jpg 683w, https:\/\/natalia.ramirez.provesonlinevalles.com\/wp-content\/uploads\/2025\/09\/The-Fall-of-the-House-of-Usher_La-caida-de-la-casa-Usher-200x300.jpg 200w, https:\/\/natalia.ramirez.provesonlinevalles.com\/wp-content\/uploads\/2025\/09\/The-Fall-of-the-House-of-Usher_La-caida-de-la-casa-Usher-768x1152.jpg 768w, https:\/\/natalia.ramirez.provesonlinevalles.com\/wp-content\/uploads\/2025\/09\/The-Fall-of-the-House-of-Usher_La-caida-de-la-casa-Usher.jpg 1000w\" sizes=\"(max-width: 683px) 100vw, 683px\" \/>\t\t\t\t\t\t\t\t\t\t\t\t\t\t\t<\/div>\n\t\t\t\t<\/div>\n\t\t<div class=\"elementor-element elementor-element-43d019a e-con-full e-flex e-con e-child\" data-id=\"43d019a\" data-element_type=\"container\">\n\t\t\t\t<div class=\"elementor-element elementor-element-29e4e28 elementor-widget elementor-widget-heading\" data-id=\"29e4e28\" data-element_type=\"widget\" data-widget_type=\"heading.default\">\n\t\t\t\t<div class=\"elementor-widget-container\">\n\t\t\t\t\t<h2 class=\"elementor-heading-title elementor-size-default\">FICHA T\u00c9CNICA DEL PROYECTO<\/h2>\t\t\t\t<\/div>\n\t\t\t\t<\/div>\n\t\t\t\t<div class=\"elementor-element elementor-element-33dbceb elementor-widget elementor-widget-text-editor\" data-id=\"33dbceb\" data-element_type=\"widget\" data-widget_type=\"text-editor.default\">\n\t\t\t\t<div class=\"elementor-widget-container\">\n\t\t\t\t\t\t\t\t\t<h4>Trabajo realizado:<\/h4><ul><li>Audiodescripci\u00f3n en espa\u00f1ol<\/li><\/ul><h4><strong>Duraci\u00f3n:<\/strong><\/h4><p>8 episodios<\/p><h4>Clasificaci\u00f3n:<\/h4><p>18 a\u00f1os<\/p><h4>G\u00e9nero:<\/h4><p>Miniserie, Intriga, Terror, Sobrenatural, Thriller psicol\u00f3gico<\/p><h4><strong>Sinopsis:<\/strong><\/h4><p>Creada por Mike Flanagan, esta miniserie de horror g\u00f3tico se estren\u00f3 el 12 de octubre de 2023 en Netflix. Consta de ocho episodios que combinan elementos de varias historias de Edgar Allan Poe dentro de una narrativa no lineal que abarca desde 1953 hasta 2023, y sigue la decadencia de la familia Usher. La trama gira en torno a los hermanos Roderick y Madeline Usher, ejecutivos de una corrupta farmac\u00e9utica, cuya fortuna y poder comienzan a desmoronarse cuando los seis hijos de Roderick mueren de manera misteriosa e inmediata. Todo desemboca en secretos oscuros, pactos siniestros y una entidad sobrenatural llamada Verna que acecha el legado familiar.<\/p><h4><span style=\"color: #000000;\">Trailer:<\/span><\/h4>\t\t\t\t\t\t\t\t<\/div>\n\t\t\t\t<\/div>\n\t\t\t\t<div class=\"elementor-element elementor-element-3e62804 elementor-widget elementor-widget-video\" data-id=\"3e62804\" data-element_type=\"widget\" data-settings=\"{&quot;youtube_url&quot;:&quot;https:\\\/\\\/youtu.be\\\/PtIJRzaqskE&quot;,&quot;cc_load_policy&quot;:&quot;yes&quot;,&quot;video_type&quot;:&quot;youtube&quot;,&quot;controls&quot;:&quot;yes&quot;}\" data-widget_type=\"video.default\">\n\t\t\t\t<div class=\"elementor-widget-container\">\n\t\t\t\t\t\t\t<div class=\"elementor-wrapper elementor-open-inline\">\n\t\t\t<div class=\"elementor-video\"><\/div>\t\t<\/div>\n\t\t\t\t\t\t<\/div>\n\t\t\t\t<\/div>\n\t\t\t\t<\/div>\n\t\t\t\t\t<\/div>\n\t\t\t\t<\/div>\n\t\t<div class=\"elementor-element elementor-element-5cef210 e-flex e-con-boxed e-con e-parent\" data-id=\"5cef210\" data-element_type=\"container\">\n\t\t\t\t\t<div class=\"e-con-inner\">\n\t\t\t\t<div class=\"elementor-element elementor-element-f319969 elementor-widget elementor-widget-spacer\" data-id=\"f319969\" data-element_type=\"widget\" data-widget_type=\"spacer.default\">\n\t\t\t\t<div class=\"elementor-widget-container\">\n\t\t\t\t\t\t\t<div class=\"elementor-spacer\">\n\t\t\t<div class=\"elementor-spacer-inner\"><\/div>\n\t\t<\/div>\n\t\t\t\t\t\t<\/div>\n\t\t\t\t<\/div>\n\t\t\t\t\t<\/div>\n\t\t\t\t<\/div>\n\t\t\t\t<\/div>","protected":false},"excerpt":{"rendered":"<p>La ca\u00edda de la casa Usher FICHA T\u00c9CNICA DEL PROYECTO Trabajo realizado: Audiodescripci\u00f3n en espa\u00f1ol Duraci\u00f3n: 8 episodios Clasificaci\u00f3n: 18 a\u00f1os G\u00e9nero: Miniserie, Intriga, Terror, Sobrenatural, Thriller psicol\u00f3gico Sinopsis: Creada por Mike Flanagan, esta miniserie de horror g\u00f3tico se estren\u00f3 el 12 de octubre de 2023 en Netflix. Consta de ocho episodios que combinan elementos [&hellip;]<\/p>","protected":false},"author":1,"featured_media":0,"parent":0,"menu_order":0,"comment_status":"closed","ping_status":"closed","template":"","meta":{"footnotes":""},"class_list":["post-1026","page","type-page","status-publish","hentry"],"_links":{"self":[{"href":"https:\/\/natalia.ramirez.provesonlinevalles.com\/fr\/wp-json\/wp\/v2\/pages\/1026","targetHints":{"allow":["GET"]}}],"collection":[{"href":"https:\/\/natalia.ramirez.provesonlinevalles.com\/fr\/wp-json\/wp\/v2\/pages"}],"about":[{"href":"https:\/\/natalia.ramirez.provesonlinevalles.com\/fr\/wp-json\/wp\/v2\/types\/page"}],"author":[{"embeddable":true,"href":"https:\/\/natalia.ramirez.provesonlinevalles.com\/fr\/wp-json\/wp\/v2\/users\/1"}],"replies":[{"embeddable":true,"href":"https:\/\/natalia.ramirez.provesonlinevalles.com\/fr\/wp-json\/wp\/v2\/comments?post=1026"}],"version-history":[{"count":4,"href":"https:\/\/natalia.ramirez.provesonlinevalles.com\/fr\/wp-json\/wp\/v2\/pages\/1026\/revisions"}],"predecessor-version":[{"id":1030,"href":"https:\/\/natalia.ramirez.provesonlinevalles.com\/fr\/wp-json\/wp\/v2\/pages\/1026\/revisions\/1030"}],"wp:attachment":[{"href":"https:\/\/natalia.ramirez.provesonlinevalles.com\/fr\/wp-json\/wp\/v2\/media?parent=1026"}],"curies":[{"name":"wp","href":"https:\/\/api.w.org\/{rel}","templated":true}]}}