{"id":992,"date":"2025-09-12T10:14:41","date_gmt":"2025-09-12T08:14:41","guid":{"rendered":"https:\/\/natalia.ramirez.provesonlinevalles.com\/?page_id=992"},"modified":"2025-09-12T10:22:58","modified_gmt":"2025-09-12T08:22:58","slug":"jeffrey-dahmer","status":"publish","type":"page","link":"https:\/\/natalia.ramirez.provesonlinevalles.com\/en\/jeffrey-dahmer\/","title":{"rendered":"Jeffrey Dahmer"},"content":{"rendered":"<div data-elementor-type=\"wp-page\" data-elementor-id=\"992\" class=\"elementor elementor-992\" data-elementor-post-type=\"page\">\n\t\t\t\t<div class=\"elementor-element elementor-element-2b3a67f e-flex e-con-boxed e-con e-parent\" data-id=\"2b3a67f\" data-element_type=\"container\" data-settings=\"{&quot;background_background&quot;:&quot;gradient&quot;}\">\n\t\t\t\t\t<div class=\"e-con-inner\">\n\t\t\t\t<div class=\"elementor-element elementor-element-654d5ff elementor-widget elementor-widget-heading\" data-id=\"654d5ff\" data-element_type=\"widget\" data-widget_type=\"heading.default\">\n\t\t\t\t<div class=\"elementor-widget-container\">\n\t\t\t\t\t<h1 class=\"elementor-heading-title elementor-size-default\">Dahmer: Monstruo - La historia de Jeffrey Dahmer<\/h1>\t\t\t\t<\/div>\n\t\t\t\t<\/div>\n\t\t\t\t\t<\/div>\n\t\t\t\t<\/div>\n\t\t<div class=\"elementor-element elementor-element-bd0a65b e-flex e-con-boxed e-con e-parent\" data-id=\"bd0a65b\" data-element_type=\"container\">\n\t\t\t\t\t<div class=\"e-con-inner\">\n\t\t\t\t<div class=\"elementor-element elementor-element-65aa65b elementor-widget elementor-widget-spacer\" data-id=\"65aa65b\" data-element_type=\"widget\" data-widget_type=\"spacer.default\">\n\t\t\t\t<div class=\"elementor-widget-container\">\n\t\t\t\t\t\t\t<div class=\"elementor-spacer\">\n\t\t\t<div class=\"elementor-spacer-inner\"><\/div>\n\t\t<\/div>\n\t\t\t\t\t\t<\/div>\n\t\t\t\t<\/div>\n\t\t\t\t\t<\/div>\n\t\t\t\t<\/div>\n\t\t<div class=\"elementor-element elementor-element-f122080 e-grid e-con-boxed e-con e-parent\" data-id=\"f122080\" data-element_type=\"container\">\n\t\t\t\t\t<div class=\"e-con-inner\">\n\t\t\t\t<div class=\"elementor-element elementor-element-26d01a8 elementor-widget elementor-widget-image\" data-id=\"26d01a8\" data-element_type=\"widget\" data-widget_type=\"image.default\">\n\t\t\t\t<div class=\"elementor-widget-container\">\n\t\t\t\t\t\t\t\t\t\t\t\t\t\t\t<img fetchpriority=\"high\" decoding=\"async\" width=\"691\" height=\"1024\" src=\"https:\/\/natalia.ramirez.provesonlinevalles.com\/wp-content\/uploads\/2025\/09\/DAHMER-Monster-The-Jeffrey-Dahmer-Story_Dahmer-monstruo-La-historia-de-Jeffrey-Dahmer-691x1024.jpg\" class=\"attachment-large size-large wp-image-812\" alt=\"\" srcset=\"https:\/\/natalia.ramirez.provesonlinevalles.com\/wp-content\/uploads\/2025\/09\/DAHMER-Monster-The-Jeffrey-Dahmer-Story_Dahmer-monstruo-La-historia-de-Jeffrey-Dahmer-691x1024.jpg 691w, https:\/\/natalia.ramirez.provesonlinevalles.com\/wp-content\/uploads\/2025\/09\/DAHMER-Monster-The-Jeffrey-Dahmer-Story_Dahmer-monstruo-La-historia-de-Jeffrey-Dahmer-203x300.jpg 203w, https:\/\/natalia.ramirez.provesonlinevalles.com\/wp-content\/uploads\/2025\/09\/DAHMER-Monster-The-Jeffrey-Dahmer-Story_Dahmer-monstruo-La-historia-de-Jeffrey-Dahmer.jpg 729w\" sizes=\"(max-width: 691px) 100vw, 691px\" \/>\t\t\t\t\t\t\t\t\t\t\t\t\t\t\t<\/div>\n\t\t\t\t<\/div>\n\t\t<div class=\"elementor-element elementor-element-b89e92d e-con-full e-flex e-con e-child\" data-id=\"b89e92d\" data-element_type=\"container\">\n\t\t\t\t<div class=\"elementor-element elementor-element-998e6e0 elementor-widget elementor-widget-heading\" data-id=\"998e6e0\" data-element_type=\"widget\" data-widget_type=\"heading.default\">\n\t\t\t\t<div class=\"elementor-widget-container\">\n\t\t\t\t\t<h2 class=\"elementor-heading-title elementor-size-default\">FICHA T\u00c9CNICA DEL PROYECTO<\/h2>\t\t\t\t<\/div>\n\t\t\t\t<\/div>\n\t\t\t\t<div class=\"elementor-element elementor-element-69cb7c9 elementor-widget elementor-widget-text-editor\" data-id=\"69cb7c9\" data-element_type=\"widget\" data-widget_type=\"text-editor.default\">\n\t\t\t\t<div class=\"elementor-widget-container\">\n\t\t\t\t\t\t\t\t\t<h4>Trabajo realizado:<\/h4><ul><li>Audiodescripci\u00f3n en espa\u00f1ol<\/li><\/ul><h4><strong>Duraci\u00f3n:<\/strong><\/h4><p>10 episodios<\/p><h4>Clasificaci\u00f3n:<\/h4><p>18 a\u00f1os<\/p><h4>G\u00e9nero:<\/h4><p>Biogr\u00e1fico, S\u00e9rie, Drama, Thriller, Basado en hechos reales<\/p><h4><strong>Sinopsis:<\/strong><\/h4><p>Entre 1978 y 1991, Jeffrey Dahmer asesin\u00f3 brutalmente a diecisiete v\u00edctimas inocentes. DAHMER \u2013 Monster: The Jeffrey Dahmer Story es una serie que revela estos cr\u00edmenes atroces, enfoc\u00e1ndose en las v\u00edctimas y en las comunidades marginadas afectadas, adem\u00e1s de exponer los fracasos institucionales y el racismo sist\u00e9mico que permitieron que uno de los asesinos en serie m\u00e1s notorios de EE. UU. operara a plena vista durante m\u00e1s de una d\u00e9cada.<\/p><h4><span style=\"color: #000000;\">Trailer:<\/span><\/h4>\t\t\t\t\t\t\t\t<\/div>\n\t\t\t\t<\/div>\n\t\t\t\t<div class=\"elementor-element elementor-element-6917953 elementor-widget elementor-widget-video\" data-id=\"6917953\" data-element_type=\"widget\" data-settings=\"{&quot;youtube_url&quot;:&quot;https:\\\/\\\/youtu.be\\\/GnujgrCPT7A&quot;,&quot;cc_load_policy&quot;:&quot;yes&quot;,&quot;video_type&quot;:&quot;youtube&quot;,&quot;controls&quot;:&quot;yes&quot;}\" data-widget_type=\"video.default\">\n\t\t\t\t<div class=\"elementor-widget-container\">\n\t\t\t\t\t\t\t<div class=\"elementor-wrapper elementor-open-inline\">\n\t\t\t<div class=\"elementor-video\"><\/div>\t\t<\/div>\n\t\t\t\t\t\t<\/div>\n\t\t\t\t<\/div>\n\t\t\t\t<\/div>\n\t\t\t\t\t<\/div>\n\t\t\t\t<\/div>\n\t\t<div class=\"elementor-element elementor-element-c582b69 e-flex e-con-boxed e-con e-parent\" data-id=\"c582b69\" data-element_type=\"container\">\n\t\t\t\t\t<div class=\"e-con-inner\">\n\t\t\t\t<div class=\"elementor-element elementor-element-4fc43ed elementor-widget elementor-widget-spacer\" data-id=\"4fc43ed\" data-element_type=\"widget\" data-widget_type=\"spacer.default\">\n\t\t\t\t<div class=\"elementor-widget-container\">\n\t\t\t\t\t\t\t<div class=\"elementor-spacer\">\n\t\t\t<div class=\"elementor-spacer-inner\"><\/div>\n\t\t<\/div>\n\t\t\t\t\t\t<\/div>\n\t\t\t\t<\/div>\n\t\t\t\t\t<\/div>\n\t\t\t\t<\/div>\n\t\t\t\t<\/div>","protected":false},"excerpt":{"rendered":"<p>Dahmer: Monstruo &#8211; La historia de Jeffrey Dahmer FICHA T\u00c9CNICA DEL PROYECTO Trabajo realizado: Audiodescripci\u00f3n en espa\u00f1ol Duraci\u00f3n: 10 episodios Clasificaci\u00f3n: 18 a\u00f1os G\u00e9nero: Biogr\u00e1fico, S\u00e9rie, Drama, Thriller, Basado en hechos reales Sinopsis: Entre 1978 y 1991, Jeffrey Dahmer asesin\u00f3 brutalmente a diecisiete v\u00edctimas inocentes. DAHMER \u2013 Monster: The Jeffrey Dahmer Story es una serie [&hellip;]<\/p>","protected":false},"author":1,"featured_media":0,"parent":0,"menu_order":0,"comment_status":"closed","ping_status":"closed","template":"","meta":{"footnotes":""},"class_list":["post-992","page","type-page","status-publish","hentry"],"_links":{"self":[{"href":"https:\/\/natalia.ramirez.provesonlinevalles.com\/en\/wp-json\/wp\/v2\/pages\/992","targetHints":{"allow":["GET"]}}],"collection":[{"href":"https:\/\/natalia.ramirez.provesonlinevalles.com\/en\/wp-json\/wp\/v2\/pages"}],"about":[{"href":"https:\/\/natalia.ramirez.provesonlinevalles.com\/en\/wp-json\/wp\/v2\/types\/page"}],"author":[{"embeddable":true,"href":"https:\/\/natalia.ramirez.provesonlinevalles.com\/en\/wp-json\/wp\/v2\/users\/1"}],"replies":[{"embeddable":true,"href":"https:\/\/natalia.ramirez.provesonlinevalles.com\/en\/wp-json\/wp\/v2\/comments?post=992"}],"version-history":[{"count":13,"href":"https:\/\/natalia.ramirez.provesonlinevalles.com\/en\/wp-json\/wp\/v2\/pages\/992\/revisions"}],"predecessor-version":[{"id":1005,"href":"https:\/\/natalia.ramirez.provesonlinevalles.com\/en\/wp-json\/wp\/v2\/pages\/992\/revisions\/1005"}],"wp:attachment":[{"href":"https:\/\/natalia.ramirez.provesonlinevalles.com\/en\/wp-json\/wp\/v2\/media?parent=992"}],"curies":[{"name":"wp","href":"https:\/\/api.w.org\/{rel}","templated":true}]}}