{"id":953,"date":"2025-09-12T09:53:38","date_gmt":"2025-09-12T07:53:38","guid":{"rendered":"https:\/\/natalia.ramirez.provesonlinevalles.com\/?page_id=953"},"modified":"2025-09-12T10:35:52","modified_gmt":"2025-09-12T08:35:52","slug":"cobra-kai","status":"publish","type":"page","link":"https:\/\/natalia.ramirez.provesonlinevalles.com\/en\/cobra-kai\/","title":{"rendered":"Cobra Kai"},"content":{"rendered":"<div data-elementor-type=\"wp-page\" data-elementor-id=\"953\" class=\"elementor elementor-953\" data-elementor-post-type=\"page\">\n\t\t\t\t<div class=\"elementor-element elementor-element-db6f7cf e-flex e-con-boxed e-con e-parent\" data-id=\"db6f7cf\" data-element_type=\"container\" data-settings=\"{&quot;background_background&quot;:&quot;gradient&quot;}\">\n\t\t\t\t\t<div class=\"e-con-inner\">\n\t\t\t\t<div class=\"elementor-element elementor-element-a2ab5a9 elementor-widget elementor-widget-heading\" data-id=\"a2ab5a9\" data-element_type=\"widget\" data-widget_type=\"heading.default\">\n\t\t\t\t<div class=\"elementor-widget-container\">\n\t\t\t\t\t<h1 class=\"elementor-heading-title elementor-size-default\">Cobra Kai<\/h1>\t\t\t\t<\/div>\n\t\t\t\t<\/div>\n\t\t\t\t\t<\/div>\n\t\t\t\t<\/div>\n\t\t<div class=\"elementor-element elementor-element-044358c e-flex e-con-boxed e-con e-parent\" data-id=\"044358c\" data-element_type=\"container\">\n\t\t\t\t\t<div class=\"e-con-inner\">\n\t\t\t\t<div class=\"elementor-element elementor-element-42bc530 elementor-widget elementor-widget-spacer\" data-id=\"42bc530\" data-element_type=\"widget\" data-widget_type=\"spacer.default\">\n\t\t\t\t<div class=\"elementor-widget-container\">\n\t\t\t\t\t\t\t<div class=\"elementor-spacer\">\n\t\t\t<div class=\"elementor-spacer-inner\"><\/div>\n\t\t<\/div>\n\t\t\t\t\t\t<\/div>\n\t\t\t\t<\/div>\n\t\t\t\t\t<\/div>\n\t\t\t\t<\/div>\n\t\t<div class=\"elementor-element elementor-element-c35d105 e-grid e-con-boxed e-con e-parent\" data-id=\"c35d105\" data-element_type=\"container\">\n\t\t\t\t\t<div class=\"e-con-inner\">\n\t\t\t\t<div class=\"elementor-element elementor-element-a8d4138 elementor-widget elementor-widget-image\" data-id=\"a8d4138\" data-element_type=\"widget\" data-widget_type=\"image.default\">\n\t\t\t\t<div class=\"elementor-widget-container\">\n\t\t\t\t\t\t\t\t\t\t\t\t\t\t\t<img fetchpriority=\"high\" decoding=\"async\" width=\"683\" height=\"1024\" src=\"https:\/\/natalia.ramirez.provesonlinevalles.com\/wp-content\/uploads\/2025\/09\/Cpbra-Kai-683x1024.jpg\" class=\"attachment-large size-large wp-image-811\" alt=\"\" srcset=\"https:\/\/natalia.ramirez.provesonlinevalles.com\/wp-content\/uploads\/2025\/09\/Cpbra-Kai-683x1024.jpg 683w, https:\/\/natalia.ramirez.provesonlinevalles.com\/wp-content\/uploads\/2025\/09\/Cpbra-Kai-200x300.jpg 200w, https:\/\/natalia.ramirez.provesonlinevalles.com\/wp-content\/uploads\/2025\/09\/Cpbra-Kai-768x1152.jpg 768w, https:\/\/natalia.ramirez.provesonlinevalles.com\/wp-content\/uploads\/2025\/09\/Cpbra-Kai-1024x1536.jpg 1024w, https:\/\/natalia.ramirez.provesonlinevalles.com\/wp-content\/uploads\/2025\/09\/Cpbra-Kai-1365x2048.jpg 1365w, https:\/\/natalia.ramirez.provesonlinevalles.com\/wp-content\/uploads\/2025\/09\/Cpbra-Kai-scaled.jpg 1707w\" sizes=\"(max-width: 683px) 100vw, 683px\" \/>\t\t\t\t\t\t\t\t\t\t\t\t\t\t\t<\/div>\n\t\t\t\t<\/div>\n\t\t<div class=\"elementor-element elementor-element-319c3ab e-con-full e-flex e-con e-child\" data-id=\"319c3ab\" data-element_type=\"container\">\n\t\t\t\t<div class=\"elementor-element elementor-element-1e95ed0 elementor-widget elementor-widget-heading\" data-id=\"1e95ed0\" data-element_type=\"widget\" data-widget_type=\"heading.default\">\n\t\t\t\t<div class=\"elementor-widget-container\">\n\t\t\t\t\t<h2 class=\"elementor-heading-title elementor-size-default\">FICHA T\u00c9CNICA DEL PROYECTO<\/h2>\t\t\t\t<\/div>\n\t\t\t\t<\/div>\n\t\t\t\t<div class=\"elementor-element elementor-element-f2bcb7b elementor-widget elementor-widget-text-editor\" data-id=\"f2bcb7b\" data-element_type=\"widget\" data-widget_type=\"text-editor.default\">\n\t\t\t\t<div class=\"elementor-widget-container\">\n\t\t\t\t\t\t\t\t\t<h4>Trabajo realizado:<\/h4><ul><li>Audiodescripci\u00f3n en espa\u00f1ol de las temporadas 1-6<\/li><\/ul><h4><strong>Duraci\u00f3n:<\/strong><\/h4><p>6 temporadas, 65 episodios<\/p><h4>Clasificaci\u00f3n:<\/h4><p>16 a\u00f1os<\/p><h4>G\u00e9nero:<\/h4><p>Serie de TV, Comedia, Drama, Acci\u00f3n, Artes marciales, Karate, Secuela<\/p><h4><strong>Sinopsis:<\/strong><\/h4><p>Treinta y cuatro a\u00f1os despu\u00e9s del hist\u00f3rico torneo All-Valley de karate de 1984, Johnny Lawrence busca redimirse abriendo el dojo Cobra Kai. Esta decisi\u00f3n reaviva su antigua rivalidad con Daniel LaRusso, ahora exitoso empresario y con una familia establecida. La serie es una continuaci\u00f3n directa de la saga Karate Kid y explora c\u00f3mo ambos personajes luchan con su legado y ense\u00f1an a una nueva generaci\u00f3n cargada de conflictos y crecimiento personal.<\/p><h4><span style=\"color: #000000;\">Trailer:<\/span><\/h4>\t\t\t\t\t\t\t\t<\/div>\n\t\t\t\t<\/div>\n\t\t\t\t<div class=\"elementor-element elementor-element-c9a4224 elementor-widget elementor-widget-video\" data-id=\"c9a4224\" data-element_type=\"widget\" data-settings=\"{&quot;youtube_url&quot;:&quot;https:\\\/\\\/youtu.be\\\/xCwwxNbtK6Y&quot;,&quot;cc_load_policy&quot;:&quot;yes&quot;,&quot;video_type&quot;:&quot;youtube&quot;,&quot;controls&quot;:&quot;yes&quot;}\" data-widget_type=\"video.default\">\n\t\t\t\t<div class=\"elementor-widget-container\">\n\t\t\t\t\t\t\t<div class=\"elementor-wrapper elementor-open-inline\">\n\t\t\t<div class=\"elementor-video\"><\/div>\t\t<\/div>\n\t\t\t\t\t\t<\/div>\n\t\t\t\t<\/div>\n\t\t\t\t<\/div>\n\t\t\t\t\t<\/div>\n\t\t\t\t<\/div>\n\t\t<div class=\"elementor-element elementor-element-7ae3d1d e-flex e-con-boxed e-con e-parent\" data-id=\"7ae3d1d\" data-element_type=\"container\">\n\t\t\t\t\t<div class=\"e-con-inner\">\n\t\t\t\t<div class=\"elementor-element elementor-element-d13bd3e elementor-widget elementor-widget-spacer\" data-id=\"d13bd3e\" data-element_type=\"widget\" data-widget_type=\"spacer.default\">\n\t\t\t\t<div class=\"elementor-widget-container\">\n\t\t\t\t\t\t\t<div class=\"elementor-spacer\">\n\t\t\t<div class=\"elementor-spacer-inner\"><\/div>\n\t\t<\/div>\n\t\t\t\t\t\t<\/div>\n\t\t\t\t<\/div>\n\t\t\t\t\t<\/div>\n\t\t\t\t<\/div>\n\t\t\t\t<\/div>","protected":false},"excerpt":{"rendered":"<p>Cobra Kai FICHA T\u00c9CNICA DEL PROYECTO Trabajo realizado: Audiodescripci\u00f3n en espa\u00f1ol de las temporadas 1-6 Duraci\u00f3n: 6 temporadas, 65 episodios Clasificaci\u00f3n: 16 a\u00f1os G\u00e9nero: Serie de TV, Comedia, Drama, Acci\u00f3n, Artes marciales, Karate, Secuela Sinopsis: Treinta y cuatro a\u00f1os despu\u00e9s del hist\u00f3rico torneo All-Valley de karate de 1984, Johnny Lawrence busca redimirse abriendo el dojo [&hellip;]<\/p>","protected":false},"author":1,"featured_media":0,"parent":0,"menu_order":0,"comment_status":"closed","ping_status":"closed","template":"","meta":{"footnotes":""},"class_list":["post-953","page","type-page","status-publish","hentry"],"_links":{"self":[{"href":"https:\/\/natalia.ramirez.provesonlinevalles.com\/en\/wp-json\/wp\/v2\/pages\/953","targetHints":{"allow":["GET"]}}],"collection":[{"href":"https:\/\/natalia.ramirez.provesonlinevalles.com\/en\/wp-json\/wp\/v2\/pages"}],"about":[{"href":"https:\/\/natalia.ramirez.provesonlinevalles.com\/en\/wp-json\/wp\/v2\/types\/page"}],"author":[{"embeddable":true,"href":"https:\/\/natalia.ramirez.provesonlinevalles.com\/en\/wp-json\/wp\/v2\/users\/1"}],"replies":[{"embeddable":true,"href":"https:\/\/natalia.ramirez.provesonlinevalles.com\/en\/wp-json\/wp\/v2\/comments?post=953"}],"version-history":[{"count":13,"href":"https:\/\/natalia.ramirez.provesonlinevalles.com\/en\/wp-json\/wp\/v2\/pages\/953\/revisions"}],"predecessor-version":[{"id":1036,"href":"https:\/\/natalia.ramirez.provesonlinevalles.com\/en\/wp-json\/wp\/v2\/pages\/953\/revisions\/1036"}],"wp:attachment":[{"href":"https:\/\/natalia.ramirez.provesonlinevalles.com\/en\/wp-json\/wp\/v2\/media?parent=953"}],"curies":[{"name":"wp","href":"https:\/\/api.w.org\/{rel}","templated":true}]}}