{"id":923,"date":"2025-09-12T09:36:20","date_gmt":"2025-09-12T07:36:20","guid":{"rendered":"https:\/\/natalia.ramirez.provesonlinevalles.com\/?page_id=923"},"modified":"2025-09-12T10:35:20","modified_gmt":"2025-09-12T08:35:20","slug":"black-mirror","status":"publish","type":"page","link":"https:\/\/natalia.ramirez.provesonlinevalles.com\/en\/black-mirror\/","title":{"rendered":"Black Mirror"},"content":{"rendered":"<div data-elementor-type=\"wp-page\" data-elementor-id=\"923\" class=\"elementor elementor-923\" data-elementor-post-type=\"page\">\n\t\t\t\t<div class=\"elementor-element elementor-element-7ccfb54 e-flex e-con-boxed e-con e-parent\" data-id=\"7ccfb54\" data-element_type=\"container\" data-settings=\"{&quot;background_background&quot;:&quot;gradient&quot;}\">\n\t\t\t\t\t<div class=\"e-con-inner\">\n\t\t\t\t<div class=\"elementor-element elementor-element-83badb3 elementor-widget elementor-widget-heading\" data-id=\"83badb3\" data-element_type=\"widget\" data-widget_type=\"heading.default\">\n\t\t\t\t<div class=\"elementor-widget-container\">\n\t\t\t\t\t<h1 class=\"elementor-heading-title elementor-size-default\">Black Mirror<\/h1>\t\t\t\t<\/div>\n\t\t\t\t<\/div>\n\t\t\t\t\t<\/div>\n\t\t\t\t<\/div>\n\t\t<div class=\"elementor-element elementor-element-9cdebd7 e-flex e-con-boxed e-con e-parent\" data-id=\"9cdebd7\" data-element_type=\"container\">\n\t\t\t\t\t<div class=\"e-con-inner\">\n\t\t\t\t<div class=\"elementor-element elementor-element-b798f11 elementor-widget elementor-widget-spacer\" data-id=\"b798f11\" data-element_type=\"widget\" data-widget_type=\"spacer.default\">\n\t\t\t\t<div class=\"elementor-widget-container\">\n\t\t\t\t\t\t\t<div class=\"elementor-spacer\">\n\t\t\t<div class=\"elementor-spacer-inner\"><\/div>\n\t\t<\/div>\n\t\t\t\t\t\t<\/div>\n\t\t\t\t<\/div>\n\t\t\t\t\t<\/div>\n\t\t\t\t<\/div>\n\t\t<div class=\"elementor-element elementor-element-b62e57a e-grid e-con-boxed e-con e-parent\" data-id=\"b62e57a\" data-element_type=\"container\">\n\t\t\t\t\t<div class=\"e-con-inner\">\n\t\t\t\t<div class=\"elementor-element elementor-element-82448fc elementor-widget elementor-widget-image\" data-id=\"82448fc\" data-element_type=\"widget\" data-widget_type=\"image.default\">\n\t\t\t\t<div class=\"elementor-widget-container\">\n\t\t\t\t\t\t\t\t\t\t\t\t\t\t\t<img fetchpriority=\"high\" decoding=\"async\" width=\"683\" height=\"1024\" src=\"https:\/\/natalia.ramirez.provesonlinevalles.com\/wp-content\/uploads\/2025\/09\/Black-Mirror-1-y-2-683x1024.jpg\" class=\"attachment-large size-large wp-image-806\" alt=\"\" srcset=\"https:\/\/natalia.ramirez.provesonlinevalles.com\/wp-content\/uploads\/2025\/09\/Black-Mirror-1-y-2-683x1024.jpg 683w, https:\/\/natalia.ramirez.provesonlinevalles.com\/wp-content\/uploads\/2025\/09\/Black-Mirror-1-y-2-200x300.jpg 200w, https:\/\/natalia.ramirez.provesonlinevalles.com\/wp-content\/uploads\/2025\/09\/Black-Mirror-1-y-2-768x1152.jpg 768w, https:\/\/natalia.ramirez.provesonlinevalles.com\/wp-content\/uploads\/2025\/09\/Black-Mirror-1-y-2-1024x1536.jpg 1024w, https:\/\/natalia.ramirez.provesonlinevalles.com\/wp-content\/uploads\/2025\/09\/Black-Mirror-1-y-2-1365x2048.jpg 1365w, https:\/\/natalia.ramirez.provesonlinevalles.com\/wp-content\/uploads\/2025\/09\/Black-Mirror-1-y-2-scaled.jpg 1707w\" sizes=\"(max-width: 683px) 100vw, 683px\" \/>\t\t\t\t\t\t\t\t\t\t\t\t\t\t\t<\/div>\n\t\t\t\t<\/div>\n\t\t<div class=\"elementor-element elementor-element-350db20 e-con-full e-flex e-con e-child\" data-id=\"350db20\" data-element_type=\"container\">\n\t\t\t\t<div class=\"elementor-element elementor-element-b678480 elementor-widget elementor-widget-heading\" data-id=\"b678480\" data-element_type=\"widget\" data-widget_type=\"heading.default\">\n\t\t\t\t<div class=\"elementor-widget-container\">\n\t\t\t\t\t<h2 class=\"elementor-heading-title elementor-size-default\">FICHA T\u00c9CNICA DEL PROYECTO<\/h2>\t\t\t\t<\/div>\n\t\t\t\t<\/div>\n\t\t\t\t<div class=\"elementor-element elementor-element-3ca6497 elementor-widget elementor-widget-text-editor\" data-id=\"3ca6497\" data-element_type=\"widget\" data-widget_type=\"text-editor.default\">\n\t\t\t\t<div class=\"elementor-widget-container\">\n\t\t\t\t\t\t\t\t\t<h4>Trabajo realizado:<\/h4><ul><li>Audiodescripci\u00f3n en espa\u00f1ol de la temporada 1 y 2<\/li><li>Revisi\u00f3n de las temporadas 3, 4 y 5<\/li><\/ul><h4><strong>Duraci\u00f3n:<\/strong><\/h4><p>7 temporadas, 33 episodios<\/p><h4>Clasificaci\u00f3n:<\/h4><p>18 a\u00f1os<\/p><h4>G\u00e9nero:<\/h4><p>Serie de TV, Ciencia Ficci\u00f3n, Thriller, Terror, Drama, Comedia negra, S\u00e1tira, Serie de antolog\u00eda.<\/p><h4><span style=\"color: #000000;\"><strong>Sinopsis:\u00a0<\/strong><\/span><\/h4><p style=\"font-weight: 300; text-transform: none;\">Black Mirror es una producci\u00f3n brit\u00e1nica desarrollada por Charlie Brooker que muestra diversos episodios independientes entre s\u00ed y con un reparto y tramas totalmente diferentes, cuyo \u00fanico punto com\u00fan es el poder de las nuevas tecnolog\u00edas para mover el mundo.<\/p><p style=\"font-weight: 300; text-transform: none;\">La ficci\u00f3n distribuida por Netflix hace un an\u00e1lisis de las nuevas tecnolog\u00edas de una forma avanzada y futurista que en ocasiones amenazan la integridad de las personas. Un camino por lo peligroso, las obsesiones, la moral, la soledad y los sentimientos, envueltos en diferentes mundos controlados por lo tecnol\u00f3gico, con un final, en su mayor\u00eda, catastr\u00f3fico, aunque otras veces satisfactorio.<\/p><h4><span style=\"color: #000000;\">Trailer:<\/span><\/h4>\t\t\t\t\t\t\t\t<\/div>\n\t\t\t\t<\/div>\n\t\t\t\t<div class=\"elementor-element elementor-element-e98e16c elementor-widget elementor-widget-video\" data-id=\"e98e16c\" data-element_type=\"widget\" data-settings=\"{&quot;youtube_url&quot;:&quot;https:\\\/\\\/youtu.be\\\/1iqra1ojEvM&quot;,&quot;cc_load_policy&quot;:&quot;yes&quot;,&quot;video_type&quot;:&quot;youtube&quot;,&quot;controls&quot;:&quot;yes&quot;}\" data-widget_type=\"video.default\">\n\t\t\t\t<div class=\"elementor-widget-container\">\n\t\t\t\t\t\t\t<div class=\"elementor-wrapper elementor-open-inline\">\n\t\t\t<div class=\"elementor-video\"><\/div>\t\t<\/div>\n\t\t\t\t\t\t<\/div>\n\t\t\t\t<\/div>\n\t\t\t\t<\/div>\n\t\t\t\t\t<\/div>\n\t\t\t\t<\/div>\n\t\t<div class=\"elementor-element elementor-element-d7578df e-flex e-con-boxed e-con e-parent\" data-id=\"d7578df\" data-element_type=\"container\">\n\t\t\t\t\t<div class=\"e-con-inner\">\n\t\t\t\t<div class=\"elementor-element elementor-element-c273d9a elementor-widget elementor-widget-spacer\" data-id=\"c273d9a\" data-element_type=\"widget\" data-widget_type=\"spacer.default\">\n\t\t\t\t<div class=\"elementor-widget-container\">\n\t\t\t\t\t\t\t<div class=\"elementor-spacer\">\n\t\t\t<div class=\"elementor-spacer-inner\"><\/div>\n\t\t<\/div>\n\t\t\t\t\t\t<\/div>\n\t\t\t\t<\/div>\n\t\t\t\t\t<\/div>\n\t\t\t\t<\/div>\n\t\t\t\t<\/div>","protected":false},"excerpt":{"rendered":"<p>Black Mirror FICHA T\u00c9CNICA DEL PROYECTO Trabajo realizado: Audiodescripci\u00f3n en espa\u00f1ol de la temporada 1 y 2 Revisi\u00f3n de las temporadas 3, 4 y 5 Duraci\u00f3n: 7 temporadas, 33 episodios Clasificaci\u00f3n: 18 a\u00f1os G\u00e9nero: Serie de TV, Ciencia Ficci\u00f3n, Thriller, Terror, Drama, Comedia negra, S\u00e1tira, Serie de antolog\u00eda. Sinopsis:\u00a0 Black Mirror es una producci\u00f3n brit\u00e1nica [&hellip;]<\/p>","protected":false},"author":1,"featured_media":0,"parent":0,"menu_order":0,"comment_status":"closed","ping_status":"closed","template":"","meta":{"footnotes":""},"class_list":["post-923","page","type-page","status-publish","hentry"],"_links":{"self":[{"href":"https:\/\/natalia.ramirez.provesonlinevalles.com\/en\/wp-json\/wp\/v2\/pages\/923","targetHints":{"allow":["GET"]}}],"collection":[{"href":"https:\/\/natalia.ramirez.provesonlinevalles.com\/en\/wp-json\/wp\/v2\/pages"}],"about":[{"href":"https:\/\/natalia.ramirez.provesonlinevalles.com\/en\/wp-json\/wp\/v2\/types\/page"}],"author":[{"embeddable":true,"href":"https:\/\/natalia.ramirez.provesonlinevalles.com\/en\/wp-json\/wp\/v2\/users\/1"}],"replies":[{"embeddable":true,"href":"https:\/\/natalia.ramirez.provesonlinevalles.com\/en\/wp-json\/wp\/v2\/comments?post=923"}],"version-history":[{"count":13,"href":"https:\/\/natalia.ramirez.provesonlinevalles.com\/en\/wp-json\/wp\/v2\/pages\/923\/revisions"}],"predecessor-version":[{"id":1033,"href":"https:\/\/natalia.ramirez.provesonlinevalles.com\/en\/wp-json\/wp\/v2\/pages\/923\/revisions\/1033"}],"wp:attachment":[{"href":"https:\/\/natalia.ramirez.provesonlinevalles.com\/en\/wp-json\/wp\/v2\/media?parent=923"}],"curies":[{"name":"wp","href":"https:\/\/api.w.org\/{rel}","templated":true}]}}