{"id":1439,"date":"2025-09-15T09:05:59","date_gmt":"2025-09-15T07:05:59","guid":{"rendered":"https:\/\/natalia.ramirez.provesonlinevalles.com\/?page_id=1439"},"modified":"2025-09-15T09:15:14","modified_gmt":"2025-09-15T07:15:14","slug":"thank-you-im-sorry","status":"publish","type":"page","link":"https:\/\/natalia.ramirez.provesonlinevalles.com\/en\/thank-you-im-sorry\/","title":{"rendered":"Thank You, I&#8217;m Sorry"},"content":{"rendered":"<div data-elementor-type=\"wp-page\" data-elementor-id=\"1439\" class=\"elementor elementor-1439\" data-elementor-post-type=\"page\">\n\t\t\t\t<div class=\"elementor-element elementor-element-a720d39 e-flex e-con-boxed e-con e-parent\" data-id=\"a720d39\" data-element_type=\"container\" data-settings=\"{&quot;background_background&quot;:&quot;gradient&quot;}\">\n\t\t\t\t\t<div class=\"e-con-inner\">\n\t\t\t\t<div class=\"elementor-element elementor-element-6420f97 elementor-widget elementor-widget-heading\" data-id=\"6420f97\" data-element_type=\"widget\" data-widget_type=\"heading.default\">\n\t\t\t\t<div class=\"elementor-widget-container\">\n\t\t\t\t\t<h1 class=\"elementor-heading-title elementor-size-default\">Gracias, lo siento<\/h1>\t\t\t\t<\/div>\n\t\t\t\t<\/div>\n\t\t\t\t\t<\/div>\n\t\t\t\t<\/div>\n\t\t<div class=\"elementor-element elementor-element-358dcfe e-flex e-con-boxed e-con e-parent\" data-id=\"358dcfe\" data-element_type=\"container\">\n\t\t\t\t\t<div class=\"e-con-inner\">\n\t\t\t\t<div class=\"elementor-element elementor-element-8280922 elementor-widget elementor-widget-spacer\" data-id=\"8280922\" data-element_type=\"widget\" data-widget_type=\"spacer.default\">\n\t\t\t\t<div class=\"elementor-widget-container\">\n\t\t\t\t\t\t\t<div class=\"elementor-spacer\">\n\t\t\t<div class=\"elementor-spacer-inner\"><\/div>\n\t\t<\/div>\n\t\t\t\t\t\t<\/div>\n\t\t\t\t<\/div>\n\t\t\t\t\t<\/div>\n\t\t\t\t<\/div>\n\t\t<div class=\"elementor-element elementor-element-2e8bf16 e-grid e-con-boxed e-con e-parent\" data-id=\"2e8bf16\" data-element_type=\"container\">\n\t\t\t\t\t<div class=\"e-con-inner\">\n\t\t\t\t<div class=\"elementor-element elementor-element-5ec0f0d elementor-widget elementor-widget-image\" data-id=\"5ec0f0d\" data-element_type=\"widget\" data-widget_type=\"image.default\">\n\t\t\t\t<div class=\"elementor-widget-container\">\n\t\t\t\t\t\t\t\t\t\t\t\t\t\t\t<img fetchpriority=\"high\" decoding=\"async\" width=\"683\" height=\"1024\" src=\"https:\/\/natalia.ramirez.provesonlinevalles.com\/wp-content\/uploads\/2025\/09\/Thank-You-I_m-Sorry_Gracias-lo-siento-683x1024.jpg\" class=\"attachment-large size-large wp-image-822\" alt=\"\" srcset=\"https:\/\/natalia.ramirez.provesonlinevalles.com\/wp-content\/uploads\/2025\/09\/Thank-You-I_m-Sorry_Gracias-lo-siento-683x1024.jpg 683w, https:\/\/natalia.ramirez.provesonlinevalles.com\/wp-content\/uploads\/2025\/09\/Thank-You-I_m-Sorry_Gracias-lo-siento-200x300.jpg 200w, https:\/\/natalia.ramirez.provesonlinevalles.com\/wp-content\/uploads\/2025\/09\/Thank-You-I_m-Sorry_Gracias-lo-siento-768x1152.jpg 768w, https:\/\/natalia.ramirez.provesonlinevalles.com\/wp-content\/uploads\/2025\/09\/Thank-You-I_m-Sorry_Gracias-lo-siento-1024x1536.jpg 1024w, https:\/\/natalia.ramirez.provesonlinevalles.com\/wp-content\/uploads\/2025\/09\/Thank-You-I_m-Sorry_Gracias-lo-siento.jpg 1280w\" sizes=\"(max-width: 683px) 100vw, 683px\" \/>\t\t\t\t\t\t\t\t\t\t\t\t\t\t\t<\/div>\n\t\t\t\t<\/div>\n\t\t<div class=\"elementor-element elementor-element-90d171c e-con-full e-flex e-con e-child\" data-id=\"90d171c\" data-element_type=\"container\">\n\t\t\t\t<div class=\"elementor-element elementor-element-91a698b elementor-widget elementor-widget-heading\" data-id=\"91a698b\" data-element_type=\"widget\" data-widget_type=\"heading.default\">\n\t\t\t\t<div class=\"elementor-widget-container\">\n\t\t\t\t\t<h2 class=\"elementor-heading-title elementor-size-default\">FICHA T\u00c9CNICA DEL PROYECTO<\/h2>\t\t\t\t<\/div>\n\t\t\t\t<\/div>\n\t\t\t\t<div class=\"elementor-element elementor-element-20b3b44 elementor-widget elementor-widget-text-editor\" data-id=\"20b3b44\" data-element_type=\"widget\" data-widget_type=\"text-editor.default\">\n\t\t\t\t<div class=\"elementor-widget-container\">\n\t\t\t\t\t\t\t\t\t<h4>Trabajo realizado:<\/h4><ul><li>Audiodescripci\u00f3n en espa\u00f1ol<\/li><\/ul><h4><strong>Duraci\u00f3n:<\/strong><\/h4><p>90 min.<\/p><h4>Clasificaci\u00f3n:<\/h4><p>12 a\u00f1os<\/p><h4>G\u00e9nero:<\/h4><p>Comedia, Drama, Familia<\/p><h4><strong>Sinopsis:<\/strong><\/h4><p>Sara vive en una familia nuclear perfecta con su pareja Dani\u00e9l, su peque\u00f1o hijo Eliot y un segundo beb\u00e9 en camino. Pero su vida da un giro inesperado cuando, en las \u00faltimas etapas de su embarazo, se ve repentinamente sola. La ayuda llega desde un lugar completamente inesperado cuando su hermana mayor y distanciada, Linda, una adulta inmadura con un perro err\u00e1tico, ofrece mudarse y ayudar.<\/p><h4><span style=\"color: #000000;\">Trailer:<\/span><\/h4>\t\t\t\t\t\t\t\t<\/div>\n\t\t\t\t<\/div>\n\t\t\t\t<div class=\"elementor-element elementor-element-92dabe4 elementor-widget elementor-widget-video\" data-id=\"92dabe4\" data-element_type=\"widget\" data-settings=\"{&quot;youtube_url&quot;:&quot;https:\\\/\\\/youtu.be\\\/r4ikussk7T0&quot;,&quot;cc_load_policy&quot;:&quot;yes&quot;,&quot;video_type&quot;:&quot;youtube&quot;,&quot;controls&quot;:&quot;yes&quot;}\" data-widget_type=\"video.default\">\n\t\t\t\t<div class=\"elementor-widget-container\">\n\t\t\t\t\t\t\t<div class=\"elementor-wrapper elementor-open-inline\">\n\t\t\t<div class=\"elementor-video\"><\/div>\t\t<\/div>\n\t\t\t\t\t\t<\/div>\n\t\t\t\t<\/div>\n\t\t\t\t<\/div>\n\t\t\t\t\t<\/div>\n\t\t\t\t<\/div>\n\t\t<div class=\"elementor-element elementor-element-6ad9ded e-flex e-con-boxed e-con e-parent\" data-id=\"6ad9ded\" data-element_type=\"container\">\n\t\t\t\t\t<div class=\"e-con-inner\">\n\t\t\t\t<div class=\"elementor-element elementor-element-8cfd1ce elementor-widget elementor-widget-spacer\" data-id=\"8cfd1ce\" data-element_type=\"widget\" data-widget_type=\"spacer.default\">\n\t\t\t\t<div class=\"elementor-widget-container\">\n\t\t\t\t\t\t\t<div class=\"elementor-spacer\">\n\t\t\t<div class=\"elementor-spacer-inner\"><\/div>\n\t\t<\/div>\n\t\t\t\t\t\t<\/div>\n\t\t\t\t<\/div>\n\t\t\t\t\t<\/div>\n\t\t\t\t<\/div>\n\t\t\t\t<\/div>","protected":false},"excerpt":{"rendered":"<p>Gracias, lo siento FICHA T\u00c9CNICA DEL PROYECTO Trabajo realizado: Audiodescripci\u00f3n en espa\u00f1ol Duraci\u00f3n: 90 min. Clasificaci\u00f3n: 12 a\u00f1os G\u00e9nero: Comedia, Drama, Familia Sinopsis: Sara vive en una familia nuclear perfecta con su pareja Dani\u00e9l, su peque\u00f1o hijo Eliot y un segundo beb\u00e9 en camino. Pero su vida da un giro inesperado cuando, en las \u00faltimas [&hellip;]<\/p>","protected":false},"author":1,"featured_media":0,"parent":0,"menu_order":0,"comment_status":"closed","ping_status":"closed","template":"","meta":{"footnotes":""},"class_list":["post-1439","page","type-page","status-publish","hentry"],"_links":{"self":[{"href":"https:\/\/natalia.ramirez.provesonlinevalles.com\/en\/wp-json\/wp\/v2\/pages\/1439","targetHints":{"allow":["GET"]}}],"collection":[{"href":"https:\/\/natalia.ramirez.provesonlinevalles.com\/en\/wp-json\/wp\/v2\/pages"}],"about":[{"href":"https:\/\/natalia.ramirez.provesonlinevalles.com\/en\/wp-json\/wp\/v2\/types\/page"}],"author":[{"embeddable":true,"href":"https:\/\/natalia.ramirez.provesonlinevalles.com\/en\/wp-json\/wp\/v2\/users\/1"}],"replies":[{"embeddable":true,"href":"https:\/\/natalia.ramirez.provesonlinevalles.com\/en\/wp-json\/wp\/v2\/comments?post=1439"}],"version-history":[{"count":19,"href":"https:\/\/natalia.ramirez.provesonlinevalles.com\/en\/wp-json\/wp\/v2\/pages\/1439\/revisions"}],"predecessor-version":[{"id":1461,"href":"https:\/\/natalia.ramirez.provesonlinevalles.com\/en\/wp-json\/wp\/v2\/pages\/1439\/revisions\/1461"}],"wp:attachment":[{"href":"https:\/\/natalia.ramirez.provesonlinevalles.com\/en\/wp-json\/wp\/v2\/media?parent=1439"}],"curies":[{"name":"wp","href":"https:\/\/api.w.org\/{rel}","templated":true}]}}