{"id":1422,"date":"2025-09-15T09:02:25","date_gmt":"2025-09-15T07:02:25","guid":{"rendered":"https:\/\/natalia.ramirez.provesonlinevalles.com\/?page_id=1422"},"modified":"2025-09-15T09:05:23","modified_gmt":"2025-09-15T07:05:23","slug":"adoracion","status":"publish","type":"page","link":"https:\/\/natalia.ramirez.provesonlinevalles.com\/en\/adoracion\/","title":{"rendered":"Adoraci\u00f3n"},"content":{"rendered":"<div data-elementor-type=\"wp-page\" data-elementor-id=\"1422\" class=\"elementor elementor-1422\" data-elementor-post-type=\"page\">\n\t\t\t\t<div class=\"elementor-element elementor-element-7873b8a e-flex e-con-boxed e-con e-parent\" data-id=\"7873b8a\" data-element_type=\"container\" data-settings=\"{&quot;background_background&quot;:&quot;gradient&quot;}\">\n\t\t\t\t\t<div class=\"e-con-inner\">\n\t\t\t\t<div class=\"elementor-element elementor-element-74ccf50 elementor-widget elementor-widget-heading\" data-id=\"74ccf50\" data-element_type=\"widget\" data-widget_type=\"heading.default\">\n\t\t\t\t<div class=\"elementor-widget-container\">\n\t\t\t\t\t<h1 class=\"elementor-heading-title elementor-size-default\">Adoraci\u00f3n<\/h1>\t\t\t\t<\/div>\n\t\t\t\t<\/div>\n\t\t\t\t\t<\/div>\n\t\t\t\t<\/div>\n\t\t<div class=\"elementor-element elementor-element-00902b8 e-flex e-con-boxed e-con e-parent\" data-id=\"00902b8\" data-element_type=\"container\">\n\t\t\t\t\t<div class=\"e-con-inner\">\n\t\t\t\t<div class=\"elementor-element elementor-element-28bedb3 elementor-widget elementor-widget-spacer\" data-id=\"28bedb3\" data-element_type=\"widget\" data-widget_type=\"spacer.default\">\n\t\t\t\t<div class=\"elementor-widget-container\">\n\t\t\t\t\t\t\t<div class=\"elementor-spacer\">\n\t\t\t<div class=\"elementor-spacer-inner\"><\/div>\n\t\t<\/div>\n\t\t\t\t\t\t<\/div>\n\t\t\t\t<\/div>\n\t\t\t\t\t<\/div>\n\t\t\t\t<\/div>\n\t\t<div class=\"elementor-element elementor-element-d6a2ef3 e-grid e-con-boxed e-con e-parent\" data-id=\"d6a2ef3\" data-element_type=\"container\">\n\t\t\t\t\t<div class=\"e-con-inner\">\n\t\t\t\t<div class=\"elementor-element elementor-element-0dca457 elementor-widget elementor-widget-image\" data-id=\"0dca457\" data-element_type=\"widget\" data-widget_type=\"image.default\">\n\t\t\t\t<div class=\"elementor-widget-container\">\n\t\t\t\t\t\t\t\t\t\t\t\t\t\t\t<img fetchpriority=\"high\" decoding=\"async\" width=\"683\" height=\"1024\" src=\"https:\/\/natalia.ramirez.provesonlinevalles.com\/wp-content\/uploads\/2025\/09\/Adorazione_Adoracion-683x1024.jpg\" class=\"attachment-large size-large wp-image-805\" alt=\"\" srcset=\"https:\/\/natalia.ramirez.provesonlinevalles.com\/wp-content\/uploads\/2025\/09\/Adorazione_Adoracion-683x1024.jpg 683w, https:\/\/natalia.ramirez.provesonlinevalles.com\/wp-content\/uploads\/2025\/09\/Adorazione_Adoracion-200x300.jpg 200w, https:\/\/natalia.ramirez.provesonlinevalles.com\/wp-content\/uploads\/2025\/09\/Adorazione_Adoracion-768x1152.jpg 768w, https:\/\/natalia.ramirez.provesonlinevalles.com\/wp-content\/uploads\/2025\/09\/Adorazione_Adoracion.jpg 1000w\" sizes=\"(max-width: 683px) 100vw, 683px\" \/>\t\t\t\t\t\t\t\t\t\t\t\t\t\t\t<\/div>\n\t\t\t\t<\/div>\n\t\t<div class=\"elementor-element elementor-element-7965114 e-con-full e-flex e-con e-child\" data-id=\"7965114\" data-element_type=\"container\">\n\t\t\t\t<div class=\"elementor-element elementor-element-ba28379 elementor-widget elementor-widget-heading\" data-id=\"ba28379\" data-element_type=\"widget\" data-widget_type=\"heading.default\">\n\t\t\t\t<div class=\"elementor-widget-container\">\n\t\t\t\t\t<h2 class=\"elementor-heading-title elementor-size-default\">FICHA T\u00c9CNICA DEL PROYECTO<\/h2>\t\t\t\t<\/div>\n\t\t\t\t<\/div>\n\t\t\t\t<div class=\"elementor-element elementor-element-9d34dab elementor-widget elementor-widget-text-editor\" data-id=\"9d34dab\" data-element_type=\"widget\" data-widget_type=\"text-editor.default\">\n\t\t\t\t<div class=\"elementor-widget-container\">\n\t\t\t\t\t\t\t\t\t<h4>Trabajo realizado:<\/h4><ul><li>Audiodescripci\u00f3n en espa\u00f1ol<\/li><\/ul><h4><strong>Duraci\u00f3n:<\/strong><\/h4><p>6 episodios<\/p><h4>Clasificaci\u00f3n:<\/h4><p>16 a\u00f1os<\/p><h4>G\u00e9nero:<\/h4><p>Serie de TV, Drama, Adolescencia<\/p><h4><strong>Sinopsis:<\/strong><\/h4><p>En una peque\u00f1a ciudad costera italiana, un grupo de adolescentes se ve sacudido por la misteriosa desaparici\u00f3n de su amiga Elena. Mientras intentan reconstruir sus \u00faltimos movimientos, secretos oscuros salen a la luz, desvelando las complejidades de sus relaciones y poniendo a prueba su amistad. La serie explora temas de identidad, deseo y la transici\u00f3n de la adolescencia a la adultez.<\/p><h4><span style=\"color: #000000;\">Trailer:<\/span><\/h4>\t\t\t\t\t\t\t\t<\/div>\n\t\t\t\t<\/div>\n\t\t\t\t<div class=\"elementor-element elementor-element-d3fd43e elementor-widget elementor-widget-video\" data-id=\"d3fd43e\" data-element_type=\"widget\" data-settings=\"{&quot;youtube_url&quot;:&quot;https:\\\/\\\/youtu.be\\\/MgmhXPcCDIU&quot;,&quot;cc_load_policy&quot;:&quot;yes&quot;,&quot;video_type&quot;:&quot;youtube&quot;,&quot;controls&quot;:&quot;yes&quot;}\" data-widget_type=\"video.default\">\n\t\t\t\t<div class=\"elementor-widget-container\">\n\t\t\t\t\t\t\t<div class=\"elementor-wrapper elementor-open-inline\">\n\t\t\t<div class=\"elementor-video\"><\/div>\t\t<\/div>\n\t\t\t\t\t\t<\/div>\n\t\t\t\t<\/div>\n\t\t\t\t<\/div>\n\t\t\t\t\t<\/div>\n\t\t\t\t<\/div>\n\t\t<div class=\"elementor-element elementor-element-9bb31bb e-flex e-con-boxed e-con e-parent\" data-id=\"9bb31bb\" data-element_type=\"container\">\n\t\t\t\t\t<div class=\"e-con-inner\">\n\t\t\t\t<div class=\"elementor-element elementor-element-2030a65 elementor-widget elementor-widget-spacer\" data-id=\"2030a65\" data-element_type=\"widget\" data-widget_type=\"spacer.default\">\n\t\t\t\t<div class=\"elementor-widget-container\">\n\t\t\t\t\t\t\t<div class=\"elementor-spacer\">\n\t\t\t<div class=\"elementor-spacer-inner\"><\/div>\n\t\t<\/div>\n\t\t\t\t\t\t<\/div>\n\t\t\t\t<\/div>\n\t\t\t\t\t<\/div>\n\t\t\t\t<\/div>\n\t\t\t\t<\/div>","protected":false},"excerpt":{"rendered":"<p>Adoraci\u00f3n FICHA T\u00c9CNICA DEL PROYECTO Trabajo realizado: Audiodescripci\u00f3n en espa\u00f1ol Duraci\u00f3n: 6 episodios Clasificaci\u00f3n: 16 a\u00f1os G\u00e9nero: Serie de TV, Drama, Adolescencia Sinopsis: En una peque\u00f1a ciudad costera italiana, un grupo de adolescentes se ve sacudido por la misteriosa desaparici\u00f3n de su amiga Elena. Mientras intentan reconstruir sus \u00faltimos movimientos, secretos oscuros salen a la [&hellip;]<\/p>","protected":false},"author":1,"featured_media":0,"parent":0,"menu_order":0,"comment_status":"closed","ping_status":"closed","template":"","meta":{"footnotes":""},"class_list":["post-1422","page","type-page","status-publish","hentry"],"_links":{"self":[{"href":"https:\/\/natalia.ramirez.provesonlinevalles.com\/en\/wp-json\/wp\/v2\/pages\/1422","targetHints":{"allow":["GET"]}}],"collection":[{"href":"https:\/\/natalia.ramirez.provesonlinevalles.com\/en\/wp-json\/wp\/v2\/pages"}],"about":[{"href":"https:\/\/natalia.ramirez.provesonlinevalles.com\/en\/wp-json\/wp\/v2\/types\/page"}],"author":[{"embeddable":true,"href":"https:\/\/natalia.ramirez.provesonlinevalles.com\/en\/wp-json\/wp\/v2\/users\/1"}],"replies":[{"embeddable":true,"href":"https:\/\/natalia.ramirez.provesonlinevalles.com\/en\/wp-json\/wp\/v2\/comments?post=1422"}],"version-history":[{"count":13,"href":"https:\/\/natalia.ramirez.provesonlinevalles.com\/en\/wp-json\/wp\/v2\/pages\/1422\/revisions"}],"predecessor-version":[{"id":1438,"href":"https:\/\/natalia.ramirez.provesonlinevalles.com\/en\/wp-json\/wp\/v2\/pages\/1422\/revisions\/1438"}],"wp:attachment":[{"href":"https:\/\/natalia.ramirez.provesonlinevalles.com\/en\/wp-json\/wp\/v2\/media?parent=1422"}],"curies":[{"name":"wp","href":"https:\/\/api.w.org\/{rel}","templated":true}]}}