{"id":1118,"date":"2025-09-12T11:06:46","date_gmt":"2025-09-12T09:06:46","guid":{"rendered":"https:\/\/natalia.ramirez.provesonlinevalles.com\/?page_id=1118"},"modified":"2025-09-12T11:15:12","modified_gmt":"2025-09-12T09:15:12","slug":"los-caballeros","status":"publish","type":"page","link":"https:\/\/natalia.ramirez.provesonlinevalles.com\/en\/los-caballeros\/","title":{"rendered":"Los Caballeros"},"content":{"rendered":"<div data-elementor-type=\"wp-page\" data-elementor-id=\"1118\" class=\"elementor elementor-1118\" data-elementor-post-type=\"page\">\n\t\t\t\t<div class=\"elementor-element elementor-element-67d324c e-flex e-con-boxed e-con e-parent\" data-id=\"67d324c\" data-element_type=\"container\" data-settings=\"{&quot;background_background&quot;:&quot;gradient&quot;}\">\n\t\t\t\t\t<div class=\"e-con-inner\">\n\t\t\t\t<div class=\"elementor-element elementor-element-bae81f4 elementor-widget elementor-widget-heading\" data-id=\"bae81f4\" data-element_type=\"widget\" data-widget_type=\"heading.default\">\n\t\t\t\t<div class=\"elementor-widget-container\">\n\t\t\t\t\t<h1 class=\"elementor-heading-title elementor-size-default\">Los Caballeros<\/h1>\t\t\t\t<\/div>\n\t\t\t\t<\/div>\n\t\t\t\t\t<\/div>\n\t\t\t\t<\/div>\n\t\t<div class=\"elementor-element elementor-element-ceab05b e-flex e-con-boxed e-con e-parent\" data-id=\"ceab05b\" data-element_type=\"container\">\n\t\t\t\t\t<div class=\"e-con-inner\">\n\t\t\t\t<div class=\"elementor-element elementor-element-47a0804 elementor-widget elementor-widget-spacer\" data-id=\"47a0804\" data-element_type=\"widget\" data-widget_type=\"spacer.default\">\n\t\t\t\t<div class=\"elementor-widget-container\">\n\t\t\t\t\t\t\t<div class=\"elementor-spacer\">\n\t\t\t<div class=\"elementor-spacer-inner\"><\/div>\n\t\t<\/div>\n\t\t\t\t\t\t<\/div>\n\t\t\t\t<\/div>\n\t\t\t\t\t<\/div>\n\t\t\t\t<\/div>\n\t\t<div class=\"elementor-element elementor-element-1543824 e-grid e-con-boxed e-con e-parent\" data-id=\"1543824\" data-element_type=\"container\">\n\t\t\t\t\t<div class=\"e-con-inner\">\n\t\t\t\t<div class=\"elementor-element elementor-element-e4f9110 elementor-widget elementor-widget-image\" data-id=\"e4f9110\" data-element_type=\"widget\" data-widget_type=\"image.default\">\n\t\t\t\t<div class=\"elementor-widget-container\">\n\t\t\t\t\t\t\t\t\t\t\t\t\t\t\t<img fetchpriority=\"high\" decoding=\"async\" width=\"683\" height=\"1024\" src=\"https:\/\/natalia.ramirez.provesonlinevalles.com\/wp-content\/uploads\/2025\/09\/The-Gentlemen_Los-Caballeros-683x1024.jpg\" class=\"attachment-large size-large wp-image-802\" alt=\"\" srcset=\"https:\/\/natalia.ramirez.provesonlinevalles.com\/wp-content\/uploads\/2025\/09\/The-Gentlemen_Los-Caballeros-683x1024.jpg 683w, https:\/\/natalia.ramirez.provesonlinevalles.com\/wp-content\/uploads\/2025\/09\/The-Gentlemen_Los-Caballeros-200x300.jpg 200w, https:\/\/natalia.ramirez.provesonlinevalles.com\/wp-content\/uploads\/2025\/09\/The-Gentlemen_Los-Caballeros-768x1152.jpg 768w, https:\/\/natalia.ramirez.provesonlinevalles.com\/wp-content\/uploads\/2025\/09\/The-Gentlemen_Los-Caballeros-1024x1536.jpg 1024w, https:\/\/natalia.ramirez.provesonlinevalles.com\/wp-content\/uploads\/2025\/09\/The-Gentlemen_Los-Caballeros-1365x2048.jpg 1365w, https:\/\/natalia.ramirez.provesonlinevalles.com\/wp-content\/uploads\/2025\/09\/The-Gentlemen_Los-Caballeros.jpg 1500w\" sizes=\"(max-width: 683px) 100vw, 683px\" \/>\t\t\t\t\t\t\t\t\t\t\t\t\t\t\t<\/div>\n\t\t\t\t<\/div>\n\t\t<div class=\"elementor-element elementor-element-7934d91 e-con-full e-flex e-con e-child\" data-id=\"7934d91\" data-element_type=\"container\">\n\t\t\t\t<div class=\"elementor-element elementor-element-74a71bd elementor-widget elementor-widget-heading\" data-id=\"74a71bd\" data-element_type=\"widget\" data-widget_type=\"heading.default\">\n\t\t\t\t<div class=\"elementor-widget-container\">\n\t\t\t\t\t<h2 class=\"elementor-heading-title elementor-size-default\">FICHA T\u00c9CNICA DEL PROYECTO<\/h2>\t\t\t\t<\/div>\n\t\t\t\t<\/div>\n\t\t\t\t<div class=\"elementor-element elementor-element-9f978d2 elementor-widget elementor-widget-text-editor\" data-id=\"9f978d2\" data-element_type=\"widget\" data-widget_type=\"text-editor.default\">\n\t\t\t\t<div class=\"elementor-widget-container\">\n\t\t\t\t\t\t\t\t\t<h4>Trabajo realizado:<\/h4><ul><li>Audiodescripci\u00f3n en espa\u00f1ol<\/li><\/ul><h4><strong>Duraci\u00f3n:<\/strong><\/h4><p>8 episodios<\/p><h4>Clasificaci\u00f3n:<\/h4><p>16 a\u00f1os<\/p><h4>G\u00e9nero:<\/h4><p>Serie de TV, Thriller, Acci\u00f3n, Comedia, Spin-off, Crimen, Drogas<\/p><h4><strong>Sinopsis:<\/strong><\/h4><p><em data-start=\"42\" data-end=\"57\">The Gentlemen<\/em> sigue la historia de Eddie Horniman (Theo James), un exoficial del ej\u00e9rcito brit\u00e1nico que hereda inesperadamente una gigantesca finca campestre y el t\u00edtulo de duque de Halstead tras la muerte de su padre. Pero la sorpresa: la propiedad esconde un imperio de cultivo de cannabis dirigido por la familia criminal Glass. Atrapado entre mantener a salvo su familia o zambullirse en el mundo del crimen, Eddie decide enfrentarse a todos jugando seg\u00fan sus propias reglas\u2026 descubriendo que quiz\u00e1s eso le gusta m\u00e1s de lo que imaginaba.<\/p><h4><span style=\"color: #000000;\">Trailer:<\/span><\/h4>\t\t\t\t\t\t\t\t<\/div>\n\t\t\t\t<\/div>\n\t\t\t\t<div class=\"elementor-element elementor-element-b06414b elementor-widget elementor-widget-video\" data-id=\"b06414b\" data-element_type=\"widget\" data-settings=\"{&quot;youtube_url&quot;:&quot;https:\\\/\\\/youtu.be\\\/wyEOwHrpZH4&quot;,&quot;cc_load_policy&quot;:&quot;yes&quot;,&quot;video_type&quot;:&quot;youtube&quot;,&quot;controls&quot;:&quot;yes&quot;}\" data-widget_type=\"video.default\">\n\t\t\t\t<div class=\"elementor-widget-container\">\n\t\t\t\t\t\t\t<div class=\"elementor-wrapper elementor-open-inline\">\n\t\t\t<div class=\"elementor-video\"><\/div>\t\t<\/div>\n\t\t\t\t\t\t<\/div>\n\t\t\t\t<\/div>\n\t\t\t\t<\/div>\n\t\t\t\t\t<\/div>\n\t\t\t\t<\/div>\n\t\t<div class=\"elementor-element elementor-element-55a8c45 e-flex e-con-boxed e-con e-parent\" data-id=\"55a8c45\" data-element_type=\"container\">\n\t\t\t\t\t<div class=\"e-con-inner\">\n\t\t\t\t<div class=\"elementor-element elementor-element-03aa913 elementor-widget elementor-widget-spacer\" data-id=\"03aa913\" data-element_type=\"widget\" data-widget_type=\"spacer.default\">\n\t\t\t\t<div class=\"elementor-widget-container\">\n\t\t\t\t\t\t\t<div class=\"elementor-spacer\">\n\t\t\t<div class=\"elementor-spacer-inner\"><\/div>\n\t\t<\/div>\n\t\t\t\t\t\t<\/div>\n\t\t\t\t<\/div>\n\t\t\t\t\t<\/div>\n\t\t\t\t<\/div>\n\t\t\t\t<\/div>","protected":false},"excerpt":{"rendered":"<p>Los Caballeros FICHA T\u00c9CNICA DEL PROYECTO Trabajo realizado: Audiodescripci\u00f3n en espa\u00f1ol Duraci\u00f3n: 8 episodios Clasificaci\u00f3n: 16 a\u00f1os G\u00e9nero: Serie de TV, Thriller, Acci\u00f3n, Comedia, Spin-off, Crimen, Drogas Sinopsis: The Gentlemen sigue la historia de Eddie Horniman (Theo James), un exoficial del ej\u00e9rcito brit\u00e1nico que hereda inesperadamente una gigantesca finca campestre y el t\u00edtulo de duque [&hellip;]<\/p>","protected":false},"author":1,"featured_media":0,"parent":0,"menu_order":0,"comment_status":"closed","ping_status":"closed","template":"","meta":{"footnotes":""},"class_list":["post-1118","page","type-page","status-publish","hentry"],"_links":{"self":[{"href":"https:\/\/natalia.ramirez.provesonlinevalles.com\/en\/wp-json\/wp\/v2\/pages\/1118","targetHints":{"allow":["GET"]}}],"collection":[{"href":"https:\/\/natalia.ramirez.provesonlinevalles.com\/en\/wp-json\/wp\/v2\/pages"}],"about":[{"href":"https:\/\/natalia.ramirez.provesonlinevalles.com\/en\/wp-json\/wp\/v2\/types\/page"}],"author":[{"embeddable":true,"href":"https:\/\/natalia.ramirez.provesonlinevalles.com\/en\/wp-json\/wp\/v2\/users\/1"}],"replies":[{"embeddable":true,"href":"https:\/\/natalia.ramirez.provesonlinevalles.com\/en\/wp-json\/wp\/v2\/comments?post=1118"}],"version-history":[{"count":25,"href":"https:\/\/natalia.ramirez.provesonlinevalles.com\/en\/wp-json\/wp\/v2\/pages\/1118\/revisions"}],"predecessor-version":[{"id":1148,"href":"https:\/\/natalia.ramirez.provesonlinevalles.com\/en\/wp-json\/wp\/v2\/pages\/1118\/revisions\/1148"}],"wp:attachment":[{"href":"https:\/\/natalia.ramirez.provesonlinevalles.com\/en\/wp-json\/wp\/v2\/media?parent=1118"}],"curies":[{"name":"wp","href":"https:\/\/api.w.org\/{rel}","templated":true}]}}