{"id":1066,"date":"2025-09-12T10:46:53","date_gmt":"2025-09-12T08:46:53","guid":{"rendered":"https:\/\/natalia.ramirez.provesonlinevalles.com\/?page_id=1066"},"modified":"2025-09-12T10:53:13","modified_gmt":"2025-09-12T08:53:13","slug":"monsters","status":"publish","type":"page","link":"https:\/\/natalia.ramirez.provesonlinevalles.com\/en\/monsters\/","title":{"rendered":"Monsters"},"content":{"rendered":"<div data-elementor-type=\"wp-page\" data-elementor-id=\"1066\" class=\"elementor elementor-1066\" data-elementor-post-type=\"page\">\n\t\t\t\t<div class=\"elementor-element elementor-element-9d887bd e-flex e-con-boxed e-con e-parent\" data-id=\"9d887bd\" data-element_type=\"container\" data-settings=\"{&quot;background_background&quot;:&quot;gradient&quot;}\">\n\t\t\t\t\t<div class=\"e-con-inner\">\n\t\t\t\t<div class=\"elementor-element elementor-element-1b00109 elementor-widget elementor-widget-heading\" data-id=\"1b00109\" data-element_type=\"widget\" data-widget_type=\"heading.default\">\n\t\t\t\t<div class=\"elementor-widget-container\">\n\t\t\t\t\t<h1 class=\"elementor-heading-title elementor-size-default\">La Diplom\u00e1tica<\/h1>\t\t\t\t<\/div>\n\t\t\t\t<\/div>\n\t\t\t\t\t<\/div>\n\t\t\t\t<\/div>\n\t\t<div class=\"elementor-element elementor-element-e87761b e-flex e-con-boxed e-con e-parent\" data-id=\"e87761b\" data-element_type=\"container\">\n\t\t\t\t\t<div class=\"e-con-inner\">\n\t\t\t\t<div class=\"elementor-element elementor-element-4934a51 elementor-widget elementor-widget-spacer\" data-id=\"4934a51\" data-element_type=\"widget\" data-widget_type=\"spacer.default\">\n\t\t\t\t<div class=\"elementor-widget-container\">\n\t\t\t\t\t\t\t<div class=\"elementor-spacer\">\n\t\t\t<div class=\"elementor-spacer-inner\"><\/div>\n\t\t<\/div>\n\t\t\t\t\t\t<\/div>\n\t\t\t\t<\/div>\n\t\t\t\t\t<\/div>\n\t\t\t\t<\/div>\n\t\t<div class=\"elementor-element elementor-element-e8ea974 e-grid e-con-boxed e-con e-parent\" data-id=\"e8ea974\" data-element_type=\"container\">\n\t\t\t\t\t<div class=\"e-con-inner\">\n\t\t\t\t<div class=\"elementor-element elementor-element-48b19d4 elementor-widget elementor-widget-image\" data-id=\"48b19d4\" data-element_type=\"widget\" data-widget_type=\"image.default\">\n\t\t\t\t<div class=\"elementor-widget-container\">\n\t\t\t\t\t\t\t\t\t\t\t\t\t\t\t<img fetchpriority=\"high\" decoding=\"async\" width=\"683\" height=\"1024\" src=\"https:\/\/natalia.ramirez.provesonlinevalles.com\/wp-content\/uploads\/2025\/09\/Monsters-The-Lyle-and-Erik-Menendez-Story_Monstruos-La-historia-de-Lyle-y-Erik-Menendez-683x1024.jpg\" class=\"attachment-large size-large wp-image-819\" alt=\"\" srcset=\"https:\/\/natalia.ramirez.provesonlinevalles.com\/wp-content\/uploads\/2025\/09\/Monsters-The-Lyle-and-Erik-Menendez-Story_Monstruos-La-historia-de-Lyle-y-Erik-Menendez-683x1024.jpg 683w, https:\/\/natalia.ramirez.provesonlinevalles.com\/wp-content\/uploads\/2025\/09\/Monsters-The-Lyle-and-Erik-Menendez-Story_Monstruos-La-historia-de-Lyle-y-Erik-Menendez-200x300.jpg 200w, https:\/\/natalia.ramirez.provesonlinevalles.com\/wp-content\/uploads\/2025\/09\/Monsters-The-Lyle-and-Erik-Menendez-Story_Monstruos-La-historia-de-Lyle-y-Erik-Menendez-768x1151.jpg 768w, https:\/\/natalia.ramirez.provesonlinevalles.com\/wp-content\/uploads\/2025\/09\/Monsters-The-Lyle-and-Erik-Menendez-Story_Monstruos-La-historia-de-Lyle-y-Erik-Menendez-1024x1536.jpg 1024w, https:\/\/natalia.ramirez.provesonlinevalles.com\/wp-content\/uploads\/2025\/09\/Monsters-The-Lyle-and-Erik-Menendez-Story_Monstruos-La-historia-de-Lyle-y-Erik-Menendez-1366x2048.jpg 1366w, https:\/\/natalia.ramirez.provesonlinevalles.com\/wp-content\/uploads\/2025\/09\/Monsters-The-Lyle-and-Erik-Menendez-Story_Monstruos-La-historia-de-Lyle-y-Erik-Menendez.jpg 1482w\" sizes=\"(max-width: 683px) 100vw, 683px\" \/>\t\t\t\t\t\t\t\t\t\t\t\t\t\t\t<\/div>\n\t\t\t\t<\/div>\n\t\t<div class=\"elementor-element elementor-element-b8c74e3 e-con-full e-flex e-con e-child\" data-id=\"b8c74e3\" data-element_type=\"container\">\n\t\t\t\t<div class=\"elementor-element elementor-element-bdfc389 elementor-widget elementor-widget-heading\" data-id=\"bdfc389\" data-element_type=\"widget\" data-widget_type=\"heading.default\">\n\t\t\t\t<div class=\"elementor-widget-container\">\n\t\t\t\t\t<h2 class=\"elementor-heading-title elementor-size-default\">FICHA T\u00c9CNICA DEL PROYECTO<\/h2>\t\t\t\t<\/div>\n\t\t\t\t<\/div>\n\t\t\t\t<div class=\"elementor-element elementor-element-677cb2c elementor-widget elementor-widget-text-editor\" data-id=\"677cb2c\" data-element_type=\"widget\" data-widget_type=\"text-editor.default\">\n\t\t\t\t<div class=\"elementor-widget-container\">\n\t\t\t\t\t\t\t\t\t<h4>Trabajo realizado:<\/h4><ul><li>Audiodescripci\u00f3n en espa\u00f1ol<\/li><\/ul><h4><strong>Duraci\u00f3n:<\/strong><\/h4><p>9 episodios<\/p><h4>Clasificaci\u00f3n:<\/h4><p>18 a\u00f1os<\/p><h4>G\u00e9nero:<\/h4><p>Serie de TV, Thriller, Drama, Biogr\u00e1fico, Basado en hechos reales<\/p><h4><strong>Sinopsis:<\/strong><\/h4><p>Esta miniserie de 9 episodios recrea el famoso caso de los hermanos Men\u00e9ndez, quienes en 1989 asesinaron brutalmente a sus padres en Beverly Hills. Mientras la fiscal\u00eda sostiene que lo hicieron para heredar la fortuna familiar, los hermanos aseguran haber actuado por a\u00f1os de abuso f\u00edsico, emocional y sexual infligido por su padre. El relato emplea m\u00faltiples perspectivas narrativas (incluido el efecto Rashomon) sin buscar una verdad absoluta, sino explorar qui\u00e9nes son realmente los \u201cmonstruos\u201d en esta historia.<\/p><h4><span style=\"color: #000000;\">Trailer:<\/span><\/h4>\t\t\t\t\t\t\t\t<\/div>\n\t\t\t\t<\/div>\n\t\t\t\t<div class=\"elementor-element elementor-element-217aa5f elementor-widget elementor-widget-video\" data-id=\"217aa5f\" data-element_type=\"widget\" data-settings=\"{&quot;youtube_url&quot;:&quot;https:\\\/\\\/youtu.be\\\/_EaEllq5FLk&quot;,&quot;cc_load_policy&quot;:&quot;yes&quot;,&quot;video_type&quot;:&quot;youtube&quot;,&quot;controls&quot;:&quot;yes&quot;}\" data-widget_type=\"video.default\">\n\t\t\t\t<div class=\"elementor-widget-container\">\n\t\t\t\t\t\t\t<div class=\"elementor-wrapper elementor-open-inline\">\n\t\t\t<div class=\"elementor-video\"><\/div>\t\t<\/div>\n\t\t\t\t\t\t<\/div>\n\t\t\t\t<\/div>\n\t\t\t\t<\/div>\n\t\t\t\t\t<\/div>\n\t\t\t\t<\/div>\n\t\t<div class=\"elementor-element elementor-element-100e8e4 e-flex e-con-boxed e-con e-parent\" data-id=\"100e8e4\" data-element_type=\"container\">\n\t\t\t\t\t<div class=\"e-con-inner\">\n\t\t\t\t<div class=\"elementor-element elementor-element-8657410 elementor-widget elementor-widget-spacer\" data-id=\"8657410\" data-element_type=\"widget\" data-widget_type=\"spacer.default\">\n\t\t\t\t<div class=\"elementor-widget-container\">\n\t\t\t\t\t\t\t<div class=\"elementor-spacer\">\n\t\t\t<div class=\"elementor-spacer-inner\"><\/div>\n\t\t<\/div>\n\t\t\t\t\t\t<\/div>\n\t\t\t\t<\/div>\n\t\t\t\t\t<\/div>\n\t\t\t\t<\/div>\n\t\t\t\t<\/div>","protected":false},"excerpt":{"rendered":"<p>La Diplom\u00e1tica FICHA T\u00c9CNICA DEL PROYECTO Trabajo realizado: Audiodescripci\u00f3n en espa\u00f1ol Duraci\u00f3n: 9 episodios Clasificaci\u00f3n: 18 a\u00f1os G\u00e9nero: Serie de TV, Thriller, Drama, Biogr\u00e1fico, Basado en hechos reales Sinopsis: Esta miniserie de 9 episodios recrea el famoso caso de los hermanos Men\u00e9ndez, quienes en 1989 asesinaron brutalmente a sus padres en Beverly Hills. Mientras la [&hellip;]<\/p>","protected":false},"author":1,"featured_media":0,"parent":0,"menu_order":0,"comment_status":"closed","ping_status":"closed","template":"","meta":{"footnotes":""},"class_list":["post-1066","page","type-page","status-publish","hentry"],"_links":{"self":[{"href":"https:\/\/natalia.ramirez.provesonlinevalles.com\/en\/wp-json\/wp\/v2\/pages\/1066","targetHints":{"allow":["GET"]}}],"collection":[{"href":"https:\/\/natalia.ramirez.provesonlinevalles.com\/en\/wp-json\/wp\/v2\/pages"}],"about":[{"href":"https:\/\/natalia.ramirez.provesonlinevalles.com\/en\/wp-json\/wp\/v2\/types\/page"}],"author":[{"embeddable":true,"href":"https:\/\/natalia.ramirez.provesonlinevalles.com\/en\/wp-json\/wp\/v2\/users\/1"}],"replies":[{"embeddable":true,"href":"https:\/\/natalia.ramirez.provesonlinevalles.com\/en\/wp-json\/wp\/v2\/comments?post=1066"}],"version-history":[{"count":16,"href":"https:\/\/natalia.ramirez.provesonlinevalles.com\/en\/wp-json\/wp\/v2\/pages\/1066\/revisions"}],"predecessor-version":[{"id":1088,"href":"https:\/\/natalia.ramirez.provesonlinevalles.com\/en\/wp-json\/wp\/v2\/pages\/1066\/revisions\/1088"}],"wp:attachment":[{"href":"https:\/\/natalia.ramirez.provesonlinevalles.com\/en\/wp-json\/wp\/v2\/media?parent=1066"}],"curies":[{"name":"wp","href":"https:\/\/api.w.org\/{rel}","templated":true}]}}